{"id":14797,"date":"2020-05-21T13:27:31","date_gmt":"2020-05-21T16:27:31","guid":{"rendered":"http:\/\/portaldecorreicao.cg.df.gov.br\/?page_id=14797"},"modified":"2022-01-28T12:49:39","modified_gmt":"2022-01-28T14:49:39","slug":"programa-e-acoes","status":"publish","type":"page","link":"http:\/\/www.gestaoderiscos.cg.df.gov.br\/index.php\/programa-e-acoes\/","title":{"rendered":"z_A\u00e7\u00f5es e Programa"},"content":{"rendered":"<p>&nbsp;<\/p>\n<p style=\"text-align: justify;\"><span style=\"font-size: 14pt;\"><strong>Ficha Limpa<\/strong><\/span><\/p>\n<p>&nbsp;<\/p>\n<p style=\"text-align: justify;\">A\u00a0Emenda \u00e0 Lei Org\u00e2nica n\u00ba 60, de 20 de dezembro de 2011 concretizou a chamada \u201cficha limpa\u201d no \u00e2mbito do Poder Executivo do Distrito Federal ao instituir crit\u00e9rios impeditivos para posse em cargos, empregos e fun\u00e7\u00f5es p\u00fablicas. Na oportunidade, foram alteradas as reda\u00e7\u00f5es dos seus artigos 10, \u00a73\u00ba; 19, \u00a78\u00ba; 82, \u00a79\u00ba; 85, par\u00e1grafo \u00fanico; 105; 110, par\u00e1grafo \u00fanico e 365, \u00a72\u00ba.<\/p>\n<p>&nbsp;<\/p>\n<p style=\"text-align: justify;\">Em 09 de mar\u00e7o de 2012, foi editado o\u00a0Decreto 33.564, de 09 de mar\u00e7o de 2012,\u00a0revogado pelo Decreto n\u00ba 39.738, de 28 de mar\u00e7o de 2019, posteriormente alterado pelo Decreto n\u00ba 40.335, de 20 de dezembro de 2019, os quais regulamentaram as hip\u00f3teses de impedimento para posse e exerc\u00edcio em cargo p\u00fablico na Administra\u00e7\u00e3o P\u00fablica Direta e Indireta do Poder Executivo, em fun\u00e7\u00e3o de pr\u00e1tica de ato tipificado como causa de inelegibilidade.<\/p>\n<p>&nbsp;<\/p>\n<p style=\"text-align: justify;\">Esses decretos fazem men\u00e7\u00e3o a um Comit\u00ea, cuja fun\u00e7\u00e3o prec\u00edpua \u00e9 oferecer embasamento t\u00e9cnico nos casos de poss\u00edveis impedimentos para a posse e exerc\u00edcio em cargos p\u00fablicos no \u00e2mbito da Administra\u00e7\u00e3o P\u00fablica do Distrito federal. A\u00a0Portaria n\u00ba 165, de 14 de agosto de 2012, revogada pela Portaria n\u00ba 10, de 15 de janeiro de 2020, disp\u00f5e sobre o funcionamento e as atividades do referido Comit\u00ea.<\/p>\n<p>&nbsp;<\/p>\n<p style=\"text-align: justify;\">O representante da Controladoria-Geral do Distrito Federal presidir\u00e1 o Comit\u00ea, que ser\u00e1 composto por servidores representantes dos \u00f3rg\u00e3os:<\/p>\n<p style=\"text-align: justify;\">\u00a0 \u00a0\u2013 Casa Militar, da Governadoria do Distrito Federal;<\/p>\n<p style=\"text-align: justify;\">\u00a0 \u00a0\u2013 Casa Civil, da Governadoria do Distrito Federal;<\/p>\n<p style=\"text-align: justify;\">\u00a0 \u00a0\u2013 Consultoria Jur\u00eddica, do Gabinete do Governador do Distrito Federal;<\/p>\n<p style=\"text-align: justify;\">\u00a0 \u00a0\u2013 Secretaria de Estado de Economia; e<\/p>\n<p style=\"text-align: justify;\">\u00a0 \u00a0\u2013 Controladoria-Geral do Distrito Federal.<\/p>\n<p>&nbsp;<\/p>\n<p style=\"text-align: justify;\">Atualmente, o Comit\u00ea Ficha Limpa \u00e9 composto pelos seguintes representantes (\u00faltima atualiza\u00e7\u00e3o \u2013\u00a0 Portaria n\u00ba\u00a0 23\/2021, de 18\/02\/21, publicada no DODF de 23\/02\/21):<\/p>\n<p>&nbsp;<\/p>\n<p style=\"text-align: justify;\">I \u2013 Secretaria de Estado de Economia, como titular, Rodrigo Oliveira Alvares e Jos\u00e9 Eust\u00e1quio dos Santos, como suplente;<\/p>\n<p style=\"text-align: justify;\">II \u2013 Casa Civil, como titular, Bruno Sigmaringa Seixas e Ariel Sangaletti Bezerra, como suplente;<\/p>\n<p style=\"text-align: justify;\">III \u2013 Casa Militar, como titular, Aur\u00e9lio Galdino e Jacqueline Nathaly Barbosa De Oliveira, como suplente;<\/p>\n<p style=\"text-align: justify;\">IV \u2013 Consultoria Jur\u00eddica do Distrito Federal, como titular, Layla Kaboudi e Francine Soares da Cunha, como suplente;<\/p>\n<p style=\"text-align: justify;\">V \u2013 Controladoria-Geral do Distrito Federal, como titular, Ismara de Lima Roza Gomes e Etiene Barbosa Ramos, como suplente.<\/p>\n<p>&nbsp;<\/p>\n<p style=\"text-align: justify;\">O Comit\u00ea Ficha Limpa se reunir\u00e1 sempre que houver convoca\u00e7\u00e3o do seu presidente, motivada por consultas enviadas pelos \u00f3rg\u00e3os e entidades que comp\u00f5em o Distrito Federal por for\u00e7a do comando do art. 3\u00ba do Decreto n\u00ba 39.738\/2019.<\/p>\n<p>&nbsp;<\/p>\n<p><span style=\"font-size: 14pt;\"><strong>Legisla\u00e7\u00e3o<\/strong><\/span><\/p>\n<p>&nbsp;<\/p>\n<p>&nbsp;<\/p>\n<p style=\"text-align: justify;\"><a href=\"http:\/\/www.sinj.df.gov.br\/sinj\/Norma\/07e7f78544714025993ad8888d0d4faa\/Portaria_10_15_01_2020.html\">Portaria n\u00ba 10, de 15 de janeiro de 2020<\/a> \u2013 Disp\u00f5e sobre o funcionamento e as atividades do Comit\u00ea de que trata o Decreto n\u00ba 39.738, de 28 de mar\u00e7o de 2019.<\/p>\n<p>&nbsp;<\/p>\n<p style=\"text-align: justify;\"><a href=\"http:\/\/www.sinj.df.gov.br\/sinj\/Norma\/72127\/Portaria_165_14_08_2012.html\">Portaria n\u00ba 165, de 14 de agosto de 2012<\/a> \u2013\u00a0Disp\u00f5e sobre o funcionamento e as atividades do Comit\u00ea de que trata o Decreto n\u00ba 33.564, de 9 de mar\u00e7o de 2012.<\/p>\n<p>&nbsp;<\/p>\n<p style=\"text-align: justify;\"><a href=\"http:\/\/www.cg.df.gov.br\/wp-conteudo\/uploads\/2018\/02\/Ficha-Limpa-DEC-GDF-33564-2012.pdf\">Decreto \u2013 GDF \u2013 n\u00ba 33.564, de 09 de Mar\u00e7o de 2012<\/a>\u00a0\u2013 Regulamenta as hip\u00f3teses de impedimento para a posse e exerc\u00edcio na administra\u00e7\u00e3o p\u00fablica direta e indireta do Poder Executivo do Distrito Federal em fun\u00e7\u00e3o de pr\u00e1tica de ato tipificado como causa de inelegibilidade.<\/p>\n<p>&nbsp;<\/p>\n<p style=\"text-align: justify;\"><a href=\"http:\/\/www.cg.df.gov.br\/wp-conteudo\/uploads\/2018\/02\/Ficha-Limpa-LC-DF-00840-2011.pdf\">Lei Complementar n\u00ba 840, de 23 de Dezembro de 2011<\/a>\u00a0\u2013 Disp\u00f5e sobre o regime jur\u00eddico dos servidores p\u00fablicos civis do Distrito Federal, das autarquias e das funda\u00e7\u00f5es p\u00fablicas distritais.<\/p>\n<p>&nbsp;<\/p>\n<p style=\"text-align: justify;\"><a href=\"http:\/\/www.cg.df.gov.br\/wp-conteudo\/uploads\/2018\/02\/Ficha-Limpa-Lei-Org%C3%A2nica-DF-1993.pdf\">Lei Org\u00e2nica do Distrito Federal, de 8 de junho de 1993<\/a>\u00a0\u2013 Constitui a Lei Fundamental do Distrito Federal, com o objetivo de organizar o exerc\u00edcio do poder, fortalecer as institui\u00e7\u00f5es democr\u00e1ticas e os direitos da pessoa humana.<\/p>\n<p>&nbsp;<\/p>\n<p style=\"text-align: justify;\"><a href=\"http:\/\/www.planalto.gov.br\/ccivil_03\/Leis\/LCP\/Lcp64.htm\">Lei Complementar n\u00ba 64, de 18 de Maio de 1990<\/a>\u00a0\u2013 Estabelece, de acordo com o art. 14, \u00a7 9\u00ba da Constitui\u00e7\u00e3o Federal, casos de inelegibilidade, prazos de cessa\u00e7\u00e3o, e determina outras provid\u00eancias.<\/p>\n<p>&nbsp;<\/p>\n<p><a href=\"http:\/\/www.planalto.gov.br\/ccivil_03\/Constituicao\/Constituicao.htm\">Constitui\u00e7\u00e3o da Rep\u00fablica Federativa do Brasil, de 05 de Outubro de 1988<\/a>.<\/p>\n<p>&nbsp;<\/p>\n","protected":false},"excerpt":{"rendered":"<p>&nbsp; Ficha Limpa &nbsp; A\u00a0Emenda \u00e0 Lei Org\u00e2nica n\u00ba 60, de 20 de dezembro de 2011 concretizou a chamada \u201cficha limpa\u201d no \u00e2mbito do Poder Executivo do Distrito Federal ao instituir crit\u00e9rios impeditivos para posse em cargos, empregos e fun\u00e7\u00f5es p\u00fablicas. Na oportunidade, foram alteradas as reda\u00e7\u00f5es dos seus artigos 10, \u00a73\u00ba; 19, \u00a78\u00ba; 82, [&hellip;]<\/p>\n","protected":false},"author":1,"featured_media":0,"parent":0,"menu_order":0,"comment_status":"closed","ping_status":"closed","template":"","meta":[],"acf":[],"_links":{"self":[{"href":"http:\/\/www.gestaoderiscos.cg.df.gov.br\/index.php\/wp-json\/wp\/v2\/pages\/14797"}],"collection":[{"href":"http:\/\/www.gestaoderiscos.cg.df.gov.br\/index.php\/wp-json\/wp\/v2\/pages"}],"about":[{"href":"http:\/\/www.gestaoderiscos.cg.df.gov.br\/index.php\/wp-json\/wp\/v2\/types\/page"}],"author":[{"embeddable":true,"href":"http:\/\/www.gestaoderiscos.cg.df.gov.br\/index.php\/wp-json\/wp\/v2\/users\/1"}],"replies":[{"embeddable":true,"href":"http:\/\/www.gestaoderiscos.cg.df.gov.br\/index.php\/wp-json\/wp\/v2\/comments?post=14797"}],"version-history":[{"count":10,"href":"http:\/\/www.gestaoderiscos.cg.df.gov.br\/index.php\/wp-json\/wp\/v2\/pages\/14797\/revisions"}],"predecessor-version":[{"id":15805,"href":"http:\/\/www.gestaoderiscos.cg.df.gov.br\/index.php\/wp-json\/wp\/v2\/pages\/14797\/revisions\/15805"}],"wp:attachment":[{"href":"http:\/\/www.gestaoderiscos.cg.df.gov.br\/index.php\/wp-json\/wp\/v2\/media?parent=14797"}],"curies":[{"name":"wp","href":"https:\/\/api.w.org\/{rel}","templated":true}]}}