{"id":14826,"date":"2020-05-22T10:58:01","date_gmt":"2020-05-22T13:58:01","guid":{"rendered":"http:\/\/portaldecorreicao.cg.df.gov.br\/?page_id=14826"},"modified":"2021-09-15T15:33:48","modified_gmt":"2021-09-15T18:33:48","slug":"sucor","status":"publish","type":"page","link":"http:\/\/www.gestaoderiscos.cg.df.gov.br\/index.php\/sucor\/","title":{"rendered":"SUCOR"},"content":{"rendered":"<div id=\"tab-34\" class=\"tab-pane active\">\n<p>&nbsp;<\/p>\n<p><strong>Subcontroladoria de Correi\u00e7\u00e3o Administrativa<br \/>\n<\/strong><\/p>\n<p>&nbsp;<\/p>\n<p style=\"text-align: justify;\">Atua como \u00f3rg\u00e3o central de correi\u00e7\u00e3o no combate \u00e0 impunidade, com o controle da probidade administrativa e com a\u00e7\u00f5es de dissemina\u00e7\u00e3o das normas disciplinares, e de apura\u00e7\u00e3o de irregularidades e de desvios de recursos p\u00fablicos visando \u00e0 recupera\u00e7\u00e3o do dano causado ao Er\u00e1rio do Distrito Federal.<\/p>\n<\/div>\n<p>&nbsp;<\/p>\n<p>&nbsp;<\/p>\n<p><strong>Ismara Roza<\/strong><\/p>\n<p>Subcontroladora de Correi\u00e7\u00e3o Administrativa<\/p>\n<p>&nbsp;<\/p>\n<p style=\"text-align: justify;\">\u00c9 Mestranda Profissional em Administra\u00e7\u00e3o P\u00fablica (MPA\/UnB), P\u00f3s-Graduanda em Educa\u00e7\u00e3o transformadora pela PUC\/RS e cursa Letras-Portugu\u00eas pela Est\u00e1cio de S\u00e1.\u00a0 \u00c9 bacharel em Direito pela Universidade Vila Velha &#8211; UVV (2011). \u00c9 Policial Rodovi\u00e1rio Federal \u2013 PRF\/MJSP, atua no servi\u00e7o p\u00fablico desde 2007 e possui experi\u00eancia na \u00e1rea correicional e na gest\u00e3o p\u00fablica, exercendo o cargo de Corregedora da SPRF\/GO, entre 2018 e 2020, e de Chefe da Divis\u00e3o de Tecnologia da Informa\u00e7\u00e3o &#8211; Substituta\/PRF, em 2017. Atualmente exerce o cargo de Subcontroladora de Correi\u00e7\u00e3o Administrativa da Controladoria-Geral do Distrito Federal (CGDF). Na PRF, atuou em Comiss\u00f5es de Processos Administrativos Disciplinares como Presidente e Membro, como Analista Correicional e participou de Grupos de Trabalho na \u00e1rea correicional ligados \u00e0s redes sociais e \u00e0 comunica\u00e7\u00e3o correicional. Atuou como Instrutora de Corregedoria nos Cursos de Atualiza\u00e7\u00e3o Profissional\/PRF e \u00e9 docente em est\u00e1gio nas disciplinas de Corregedoria e Direito Disciplinar\/CDD e de Estrat\u00e9gia Institucional e Governan\u00e7a\/EIG.\u00a0 Possui flu\u00eancia em libras.<\/p>\n<p>&nbsp;<\/p>\n<p>&nbsp;<\/p>\n<p style=\"text-align: justify;\"><strong>Elisson Santos Castro<\/strong><\/p>\n<p style=\"text-align: justify;\">Coordenador de Procedimentos Administrativos Disciplinares e de Fornecedores<\/p>\n<p>&nbsp;<\/p>\n<p style=\"text-align: justify;\">\u00c9 graduado em Direito pelo Centro Universit\u00e1rio de Bras\u00edlia &#8211; UNICEUB (2005). Graduado em M\u00fasica pela Universidade de Bras\u00edlia \u2013 UNB (2006). Especialista em Direito P\u00fablico pela Faculdade Proje\u00e7\u00e3o\/Fortium (2006). Especialista em Direito Constitucional pelo Instituto Brasiliense de Direito P\u00fablico \u2013 IDP (2018). \u00c9 titular do cargo efetivo de Especialista em Assist\u00eancia Social \u2013 Direito e Legisla\u00e7\u00e3o, da Secretaria de Estado de Justi\u00e7a e Cidadania do Distrito Federal, desde 2011. Atualmente, exerce o cargo de Coordenador de Procedimentos Administrativos Disciplinares e de Fornecedores, da Controladoria-Geral do Distrito Federal (CGDF). Entre 2018 e 2021, no \u00e2mbito da CGDF, exerceu os cargos de Diretor de Processos Administrativos de Responsabiliza\u00e7\u00e3o de Fornecedores e de Diretor de Investiga\u00e7\u00e3o Preliminar.<\/p>\n<p><strong>\u00a0<\/strong><\/p>\n<p>&nbsp;<\/p>\n<p><strong>Alessandra Mendes Ferreira<\/strong><\/p>\n<p>Coordenadora de Supervis\u00e3o do Sistema de Correi\u00e7\u00e3o<\/p>\n<p>&nbsp;<\/p>\n<p style=\"text-align: justify;\">\u00c9 graduada em Administra\u00e7\u00e3o pela Associa\u00e7\u00e3o de Ensino Unificado do Distrito Federal &#8211; AEUDF (2002), P\u00f3s graduada em Direito P\u00fablico pela Faculdade Fortium (2009), capacitada em Media\u00e7\u00e3o de Conflitos pelo Tribunal de Justi\u00e7a do Distrito Federal e Territ\u00f3rios e tamb\u00e9m pela Escola de Governo do Distrito Federal. \u00c9 Gestora em Pol\u00edticas P\u00fablicas e Gest\u00e3o Governamental da Controladoria-Geral do DF (CGDF) desde 2009, sempre atuando na \u00e1rea disciplinar. Atualmente, exerce o cargo de Coordenadora de Supervis\u00e3o do Sistema de Correi\u00e7\u00e3o da Controladoria-Geral do Distrito Federal (CGDF). Na CGDF, entre 2015 e 2018, exerceu os cargos de Assessora da Corregedoria-Adjunta da \u00c1rea Social; Diretora de Media\u00e7\u00e3o de Conflitos; Coordenadora de Resolu\u00e7\u00e3o Consensual de Conflitos e Assessora Especial da Subcontroladoria de Correi\u00e7\u00e3o Administrativa.<\/p>\n<p><strong>\u00a0<\/strong><\/p>\n<p><strong>\u00a0<\/strong><\/p>\n<p><strong>Bruno Rodrigues Bezerra<\/strong><\/p>\n<p>Coordenador de Tomada de Contas Especiais<\/p>\n<p>&nbsp;<\/p>\n<p style=\"text-align: justify;\">\u00c9 graduado em Ci\u00eancias Cont\u00e1beis pela Uni\u00e3o Pioneira de Integra\u00e7\u00e3o Social &#8211; UPIS (2001), P\u00f3s graduado em Controladoria, Auditoria e Per\u00edcia Cont\u00e1bil pela Universidade Tuiuti do Paran\u00e1 \u2013 UTP (2006). \u00c9 Gestor em Pol\u00edticas P\u00fablicas e Gest\u00e3o Governamental da Controladoria-Geral do DF (CGDF) desde 2005, sempre atuando na \u00e1rea de Tomada de Contas Especial. Atualmente, exerce o cargo de Coordenador de Tomada de Contas Especial da Controladoria-Geral do Distrito Federal &#8211; CGDF, e atuou como membro da Comiss\u00e3o de \u00c9tica da CGDF. Na CGDF, entre 2009 e 2017, exerceu os cargos de Gerente de Controle de Tomada de Contas Especial; Gerente de Controle Processual; Diretor de Controle Processual; e Gerente de Supervis\u00e3o de TCE das \u00c1reas Econ\u00f4mica, de Governo e Infraestrutura.<\/p>\n","protected":false},"excerpt":{"rendered":"<p>&nbsp; Subcontroladoria de Correi\u00e7\u00e3o Administrativa &nbsp; Atua como \u00f3rg\u00e3o central de correi\u00e7\u00e3o no combate \u00e0 impunidade, com o controle da probidade administrativa e com a\u00e7\u00f5es de dissemina\u00e7\u00e3o das normas disciplinares, e de apura\u00e7\u00e3o de irregularidades e de desvios de recursos p\u00fablicos visando \u00e0 recupera\u00e7\u00e3o do dano causado ao Er\u00e1rio do Distrito Federal. &nbsp; &nbsp; Ismara [&hellip;]<\/p>\n","protected":false},"author":1,"featured_media":0,"parent":0,"menu_order":0,"comment_status":"closed","ping_status":"closed","template":"","meta":[],"acf":[],"_links":{"self":[{"href":"http:\/\/www.gestaoderiscos.cg.df.gov.br\/index.php\/wp-json\/wp\/v2\/pages\/14826"}],"collection":[{"href":"http:\/\/www.gestaoderiscos.cg.df.gov.br\/index.php\/wp-json\/wp\/v2\/pages"}],"about":[{"href":"http:\/\/www.gestaoderiscos.cg.df.gov.br\/index.php\/wp-json\/wp\/v2\/types\/page"}],"author":[{"embeddable":true,"href":"http:\/\/www.gestaoderiscos.cg.df.gov.br\/index.php\/wp-json\/wp\/v2\/users\/1"}],"replies":[{"embeddable":true,"href":"http:\/\/www.gestaoderiscos.cg.df.gov.br\/index.php\/wp-json\/wp\/v2\/comments?post=14826"}],"version-history":[{"count":16,"href":"http:\/\/www.gestaoderiscos.cg.df.gov.br\/index.php\/wp-json\/wp\/v2\/pages\/14826\/revisions"}],"predecessor-version":[{"id":15328,"href":"http:\/\/www.gestaoderiscos.cg.df.gov.br\/index.php\/wp-json\/wp\/v2\/pages\/14826\/revisions\/15328"}],"wp:attachment":[{"href":"http:\/\/www.gestaoderiscos.cg.df.gov.br\/index.php\/wp-json\/wp\/v2\/media?parent=14826"}],"curies":[{"name":"wp","href":"https:\/\/api.w.org\/{rel}","templated":true}]}}