{"id":15440,"date":"2021-12-21T11:12:42","date_gmt":"2021-12-21T13:12:42","guid":{"rendered":"http:\/\/www.portalriscos.df.gov.br\/?page_id=15440"},"modified":"2022-03-22T17:26:03","modified_gmt":"2022-03-22T20:26:03","slug":"sobre-o-portal","status":"publish","type":"page","link":"http:\/\/www.gestaoderiscos.cg.df.gov.br\/index.php\/home\/sobre-o-portal\/","title":{"rendered":"Sobre o Portal"},"content":{"rendered":"<p>&nbsp;<\/p>\n<p style=\"text-align: justify;\">O Portal de Gest\u00e3o de Riscos, desenvolvido pela Controladoria-Geral do DF (CGDF), sob a coordena\u00e7\u00e3o da Subcontroladoria de Controle Interno da CGDF, tem como objetivo reunir as informa\u00e7\u00f5es sobre a tem\u00e1tica de Gest\u00e3o de Riscos e de Programas de Integridade, de forma a auxiliar os \u00d3rg\u00e3os e Entidades do Governo do Distrito Federal na implanta\u00e7\u00e3o e desenvolvimento de seus sistemas de Gest\u00e3o.<\/p>\n<p>&nbsp;<\/p>\n<p style=\"text-align: justify;\">Al\u00e9m disso, neste Portal ser\u00e3o inclu\u00eddos registros do apoio prestado pela CGDF aos \u00d3rg\u00e3os e Entidades do Governo do Distrito Federal, por meio de c<strong>onsultorias<\/strong>, bem como informa\u00e7\u00f5es sobre as a\u00e7\u00f5es de <strong>Auditoria<\/strong>\u00a0e <strong>Monitoramento<\/strong>\u00a0realizadas nas Unidades que receberam o apoio consultivo da equipe de auditores da CGDF.<\/p>\n","protected":false},"excerpt":{"rendered":"<p>&nbsp; O Portal de Gest\u00e3o de Riscos, desenvolvido pela Controladoria-Geral do DF (CGDF), sob a coordena\u00e7\u00e3o da Subcontroladoria de Controle Interno da CGDF, tem como objetivo reunir as informa\u00e7\u00f5es sobre a tem\u00e1tica de Gest\u00e3o de Riscos e de Programas de Integridade, de forma a auxiliar os \u00d3rg\u00e3os e Entidades do Governo do Distrito Federal na [&hellip;]<\/p>\n","protected":false},"author":1,"featured_media":0,"parent":6,"menu_order":1,"comment_status":"closed","ping_status":"closed","template":"","meta":[],"acf":[],"_links":{"self":[{"href":"http:\/\/www.gestaoderiscos.cg.df.gov.br\/index.php\/wp-json\/wp\/v2\/pages\/15440"}],"collection":[{"href":"http:\/\/www.gestaoderiscos.cg.df.gov.br\/index.php\/wp-json\/wp\/v2\/pages"}],"about":[{"href":"http:\/\/www.gestaoderiscos.cg.df.gov.br\/index.php\/wp-json\/wp\/v2\/types\/page"}],"author":[{"embeddable":true,"href":"http:\/\/www.gestaoderiscos.cg.df.gov.br\/index.php\/wp-json\/wp\/v2\/users\/1"}],"replies":[{"embeddable":true,"href":"http:\/\/www.gestaoderiscos.cg.df.gov.br\/index.php\/wp-json\/wp\/v2\/comments?post=15440"}],"version-history":[{"count":16,"href":"http:\/\/www.gestaoderiscos.cg.df.gov.br\/index.php\/wp-json\/wp\/v2\/pages\/15440\/revisions"}],"predecessor-version":[{"id":16618,"href":"http:\/\/www.gestaoderiscos.cg.df.gov.br\/index.php\/wp-json\/wp\/v2\/pages\/15440\/revisions\/16618"}],"up":[{"embeddable":true,"href":"http:\/\/www.gestaoderiscos.cg.df.gov.br\/index.php\/wp-json\/wp\/v2\/pages\/6"}],"wp:attachment":[{"href":"http:\/\/www.gestaoderiscos.cg.df.gov.br\/index.php\/wp-json\/wp\/v2\/media?parent=15440"}],"curies":[{"name":"wp","href":"https:\/\/api.w.org\/{rel}","templated":true}]}}