{"id":15469,"date":"2021-12-21T12:20:59","date_gmt":"2021-12-21T14:20:59","guid":{"rendered":"http:\/\/www.portalriscos.df.gov.br\/?page_id=15469"},"modified":"2022-02-23T19:32:45","modified_gmt":"2022-02-23T22:32:45","slug":"consideracoes-gerais","status":"publish","type":"page","link":"http:\/\/www.gestaoderiscos.cg.df.gov.br\/index.php\/consideracoes-gerais\/","title":{"rendered":"Considera\u00e7\u00f5es Gerais"},"content":{"rendered":"<p>&nbsp;<\/p>\n<p style=\"text-align: justify;\">Gest\u00e3o de Riscos \u00e9 um <strong>projeto estrat\u00e9gico<\/strong> da Controladoria-Geral do Distrito Federal, com foco no resultado e na moderniza\u00e7\u00e3o das pr\u00e1ticas e ferramentas de controle interno.<\/p>\n<p>&nbsp;<\/p>\n<p style=\"text-align: justify;\">Trata-se de um processo sistem\u00e1tico para <strong>identificar, analisar, avaliar e tratar<\/strong> eventos de risco de qualquer natureza, <strong>com o objetivo de minimizar ou potencializar seus impactos<\/strong> sobre os objetivos da organiza\u00e7\u00e3o.<\/p>\n<p>&nbsp;<\/p>\n<p style=\"text-align: justify;\">A implanta\u00e7\u00e3o desse framework possibilita que os gestores alcancem uma s\u00e9rie de benef\u00edcios, dentre eles:<\/p>\n<p>&nbsp;<\/p>\n<p style=\"padding-left: 60px; text-align: justify;\"><span style=\"font-size: 16px; text-align: justify;\">&#8211;\u00a0 Aux\u00edlio no processo de <strong>tomada de decis\u00e3o<\/strong>;<\/span><\/p>\n<p style=\"padding-left: 60px; text-align: justify;\"><span style=\"font-size: 16px; text-align: justify;\">&#8211;\u00a0 <strong>Redu\u00e7\u00e3o do tempo gasto<\/strong> apagando inc\u00eandios administrativos;<\/span><\/p>\n<p style=\"padding-left: 60px; text-align: justify;\"><span style=\"font-size: 16px; text-align: justify;\"><span style=\"font-size: 16px; text-align: justify;\">&#8211;\u00a0 <strong>Diminui\u00e7\u00e3o da perda de conhecimento<\/strong> com as mudan\u00e7as de gest\u00e3o;<\/span><\/span><\/p>\n<p style=\"padding-left: 60px; text-align: justify;\"><span style=\"font-size: 16px; text-align: justify;\"><span style=\"font-size: 16px; text-align: justify;\">&#8211;\u00a0 <strong>Aumento da capacidade<\/strong> de realiza\u00e7\u00e3o das Organiza\u00e7\u00f5es (foco, retrabalho);<\/span><\/span><\/p>\n<p style=\"padding-left: 60px; text-align: justify;\"><span style=\"font-size: 16px; text-align: justify;\"><span style=\"font-size: 16px; text-align: justify;\">&#8211;\u00a0 Contribui\u00e7\u00e3o para a <strong>boa imagem da gest\u00e3o p\u00fablica<\/strong>;<\/span><\/span><\/p>\n<p style=\"padding-left: 60px; text-align: justify;\"><span style=\"font-size: 16px; text-align: justify;\">&#8211;\u00a0 <strong>Mitiga\u00e7\u00e3o dos riscos e potencializa\u00e7\u00e3o das oportunidades<\/strong> a eles associados, a fim de controlar o impacto, obter qualidade no gasto p\u00fablico e melhorar a capacidade de gerar valor; e\u00a0<\/span><\/p>\n<p style=\"text-align: justify;\">\u00a0 \u00a0 \u00a0 \u00a0 \u00a0 \u00a0 \u00a0 &#8211;\u00a0 Aumento da probabilidade de <strong>alcance de seus objetivos e metas institucionais.<\/strong><\/p>\n<p>&nbsp;<\/p>\n<p style=\"text-align: justify;\">Para a Controladoria-Geral do Distrito Federal, a implanta\u00e7\u00e3o da gest\u00e3o de risco implica na moderniza\u00e7\u00e3o das t\u00e9cnicas de auditoria, com base nas boas pr\u00e1ticas de governan\u00e7a corporativa, cujo foco \u00e9 <strong>agregar valor \u00e0 gest\u00e3o<\/strong>, aperfei\u00e7oando os controles das 1\u00aa e 2\u00aa linhas (Modelo das Tr\u00eas Linhas \u2013 IIA) sob a responsabilidade dos \u00f3rg\u00e3os gestores e, por consequ\u00eancia, combater \u00e0 improbidade, aos desvios e \u00e0 corrup\u00e7\u00e3o.<\/p>\n<p>&nbsp;<\/p>\n<p style=\"text-align: justify;\">Neste sentido, a Controladoria-Geral desenvolve no \u00e2mbito do Governo do Distrito Federal, servi\u00e7os consultivos aos \u00f3rg\u00e3os e entidades distritais, cujo objetivo \u00e9 prestar o apoio t\u00e9cnico para a implanta\u00e7\u00e3o do Sistema de Gest\u00e3o de Riscos em cada Unidade e\u00a0auditorias a fim de fornecer \u00e0 alta administra\u00e7\u00e3o uma an\u00e1lise de qu\u00e3o eficaz os riscos est\u00e3o sendo gerenciados.<\/p>\n","protected":false},"excerpt":{"rendered":"<p>&nbsp; Gest\u00e3o de Riscos \u00e9 um projeto estrat\u00e9gico da Controladoria-Geral do Distrito Federal, com foco no resultado e na moderniza\u00e7\u00e3o das pr\u00e1ticas e ferramentas de controle interno. &nbsp; Trata-se de um processo sistem\u00e1tico para identificar, analisar, avaliar e tratar eventos de risco de qualquer natureza, com o objetivo de minimizar ou potencializar seus impactos sobre [&hellip;]<\/p>\n","protected":false},"author":1,"featured_media":0,"parent":0,"menu_order":0,"comment_status":"closed","ping_status":"closed","template":"","meta":[],"acf":[],"_links":{"self":[{"href":"http:\/\/www.gestaoderiscos.cg.df.gov.br\/index.php\/wp-json\/wp\/v2\/pages\/15469"}],"collection":[{"href":"http:\/\/www.gestaoderiscos.cg.df.gov.br\/index.php\/wp-json\/wp\/v2\/pages"}],"about":[{"href":"http:\/\/www.gestaoderiscos.cg.df.gov.br\/index.php\/wp-json\/wp\/v2\/types\/page"}],"author":[{"embeddable":true,"href":"http:\/\/www.gestaoderiscos.cg.df.gov.br\/index.php\/wp-json\/wp\/v2\/users\/1"}],"replies":[{"embeddable":true,"href":"http:\/\/www.gestaoderiscos.cg.df.gov.br\/index.php\/wp-json\/wp\/v2\/comments?post=15469"}],"version-history":[{"count":22,"href":"http:\/\/www.gestaoderiscos.cg.df.gov.br\/index.php\/wp-json\/wp\/v2\/pages\/15469\/revisions"}],"predecessor-version":[{"id":16477,"href":"http:\/\/www.gestaoderiscos.cg.df.gov.br\/index.php\/wp-json\/wp\/v2\/pages\/15469\/revisions\/16477"}],"wp:attachment":[{"href":"http:\/\/www.gestaoderiscos.cg.df.gov.br\/index.php\/wp-json\/wp\/v2\/media?parent=15469"}],"curies":[{"name":"wp","href":"https:\/\/api.w.org\/{rel}","templated":true}]}}