{"id":15475,"date":"2021-12-21T12:22:24","date_gmt":"2021-12-21T14:22:24","guid":{"rendered":"http:\/\/www.portalriscos.df.gov.br\/?page_id=15475"},"modified":"2022-02-03T16:26:55","modified_gmt":"2022-02-03T18:26:55","slug":"implantandogr","status":"publish","type":"page","link":"http:\/\/www.gestaoderiscos.cg.df.gov.br\/index.php\/implantandogr\/","title":{"rendered":"Implantando a Gest\u00e3o de Riscos"},"content":{"rendered":"<p>&nbsp;<\/p>\n<p style=\"text-align: justify;\">O processo de implanta\u00e7\u00e3o da Gest\u00e3o de Riscos, realizado durante o apoio consultivo prestado pela Diretoria de Consultoria de Integridade e Riscos &#8211; DICIR, se desenvolve com a realiza\u00e7\u00e3o de treinamentos (te\u00f3ricos e pr\u00e1ticos), reuni\u00f5es e oficinas cujo objetivo \u00e9 orientar&nbsp;e transferir conhecimentos \u00e0s Unidades do DF acerca das normas ABNT NBR ISO 31000:2018, ABT NBR IEC 31010:2021, do modelo COSO ERM 2017 e suas aplica\u00e7\u00f5es na implanta\u00e7\u00e3o da Gest\u00e3o de Riscos.<\/p>\n<p>&nbsp;<\/p>\n<p style=\"text-align: justify;\">Basicamente as atividades realizadas durante o processo de implanta\u00e7\u00e3o s\u00e3o:<\/p>\n<p style=\"text-align: justify; padding-left: 30px;\">1) Elabora\u00e7\u00e3o e publica\u00e7\u00e3o dos normativos de <strong>Lideran\u00e7a e Comprometimento<\/strong>;<br \/>\n2) Elabora\u00e7\u00e3o do artefato &#8220;<strong>Estabelecimento do Escopo, Contexto e Crit\u00e9rio<\/strong>&#8220;;<br \/>\n3) Constru\u00e7\u00e3o da <strong>Matriz de Riscos<\/strong> do escopo selecionado pela Unidade;<br \/>\n4) Elabora\u00e7\u00e3o de um <strong>Plano de Implementa\u00e7\u00e3o das A\u00e7\u00f5es de Controle<\/strong> estabelecidas na Matriz de Riscos; e<br \/>\n5) Orienta\u00e7\u00f5es sobre o <strong>Gerenciamento de Riscos<\/strong> e sobre a constru\u00e7\u00e3o de um Plano de Comunica\u00e7\u00e3o.<\/p>\n<p>&nbsp;<\/p>\n<p style=\"text-align: justify;\">Essas atividades podem ser agrupadas em cinco etapas de implanta\u00e7\u00e3o.<\/p>\n<p style=\"text-align: justify;\">Clique nos bot\u00f5es abaixo para acessar mais informa\u00e7\u00f5es sobre cada etapa:<\/p>\n<p>&nbsp;<\/p>\n<p><a class=\"fasc-button fasc-size-large fasc-type-glossy fasc-rounded-medium fasc-ico-before dashicons-arrow-right\" style=\"background-color: #4079bc; color: #ffffff;\" href=\"http:\/\/www.portalriscos.df.gov.br\/index.php\/implantandogr\/lideranca-e-comprometimento\/\">Lideran\u00e7a e Comprometimento<\/a><\/p>\n<p><a class=\"fasc-button fasc-size-large fasc-type-glossy fasc-rounded-medium fasc-ico-before dashicons-arrow-right\" style=\"background-color: #4079bc; color: #ffffff;\" href=\"http:\/\/www.portalriscos.df.gov.br\/index.php\/implantandogr\/escopo-contexto-e-criterio\/\">Escopo, contexto e crit\u00e9rio<\/a><\/p>\n<p><a class=\"fasc-button fasc-size-large fasc-type-glossy fasc-rounded-medium fasc-ico-before dashicons-arrow-right\" style=\"background-color: #4079bc; color: #ffffff;\" href=\"http:\/\/www.portalriscos.df.gov.br\/index.php\/implantandogr\/avaliacao-de-riscos\/\">Avalia\u00e7\u00e3o de Riscos<\/a><\/p>\n<p><a class=\"fasc-button fasc-size-large fasc-type-glossy fasc-rounded-medium fasc-ico-before dashicons-arrow-right\" style=\"background-color: #4079bc; color: #ffffff;\" href=\"http:\/\/www.portalriscos.df.gov.br\/index.php\/implantandogr\/tratamento-dos-riscos\/\">Tratamento dos Riscos<\/a><\/p>\n<p><a class=\"fasc-button fasc-size-large fasc-type-glossy fasc-rounded-medium fasc-ico-before dashicons-arrow-right\" style=\"background-color: #4079bc; color: #ffffff;\" href=\"http:\/\/www.portalriscos.df.gov.br\/index.php\/implantandogr\/gerenciamento-dos-riscos\/\">Gerenciamento dos Riscos<\/a><\/p>\n<p>&nbsp;<\/p>\n<p>&nbsp;<\/p>\n<p><img decoding=\"async\" loading=\"lazy\" class=\"wp-image-15948 aligncenter\" src=\"http:\/\/www.portalriscos.df.gov.br\/wp-content\/uploads\/2022\/01\/Gerenciamento-300x220.png\" alt=\"\" width=\"650\" height=\"477\" srcset=\"http:\/\/www.gestaoderiscos.cg.df.gov.br\/wp-content\/uploads\/2022\/01\/Gerenciamento-300x220.png 300w, http:\/\/www.gestaoderiscos.cg.df.gov.br\/wp-content\/uploads\/2022\/01\/Gerenciamento-768x564.png 768w, http:\/\/www.gestaoderiscos.cg.df.gov.br\/wp-content\/uploads\/2022\/01\/Gerenciamento.png 957w\" sizes=\"(max-width: 650px) 100vw, 650px\" \/><\/p>\n<p style=\"text-align: center;\"><span style=\"font-size: 10pt;\">Etapas do processo de Implanta\u00e7\u00e3o<\/span><\/p>\n<p>&nbsp;<\/p>\n<p>&nbsp;<\/p>\n<p>Refer\u00eancias:<\/p>\n<p><span style=\"font-size: 10pt;\">ASSOCIA\u00c7\u00c3O BRASILEIRA DE NORMAS T\u00c9CNICAS.&nbsp;NBR ISO 31000:2018 \u2013 Gest\u00e3o de Riscos: Princ\u00edpios e Diretrizes.&nbsp;ABNT. 2018.<\/span><\/p>\n<p><span style=\"font-size: 10pt;\">ASSOCIA\u00c7\u00c3O BRASILEIRA DE NORMAS T\u00c9CNICAS. NBR IEC 31010:2021 \u2013 Gest\u00e3o de Riscos \u2013&nbsp;<em>T\u00e9cnicas para o processo de avalia\u00e7\u00e3o de riscos<\/em>.&nbsp;ABNT. 2021.<\/span><\/p>\n<p class=\"DocTexto\" style=\"text-indent: 0cm;\"><span style=\"font-size: 10.0pt;\">COMMITTEE OF SPONSORING ORGANIZATIONS OF THE TREADWAY COMMISSION.&nbsp;<\/span><span style=\"font-size: 10pt;\">COSO-ERM 2017. Enterprise Risk Management \u2013 Integrating with Strategy and Performance: Executive Summary. COSO. 2017<\/span><\/p>\n","protected":false},"excerpt":{"rendered":"<p>&nbsp; O processo de implanta\u00e7\u00e3o da Gest\u00e3o de Riscos, realizado durante o apoio consultivo prestado pela Diretoria de Consultoria de Integridade e Riscos &#8211; DICIR, se desenvolve com a realiza\u00e7\u00e3o de treinamentos (te\u00f3ricos e pr\u00e1ticos), reuni\u00f5es e oficinas cujo objetivo \u00e9 orientar&nbsp;e transferir conhecimentos \u00e0s Unidades do DF acerca das normas ABNT NBR ISO 31000:2018, [&hellip;]<\/p>\n","protected":false},"author":1,"featured_media":0,"parent":0,"menu_order":0,"comment_status":"closed","ping_status":"closed","template":"","meta":[],"acf":[],"_links":{"self":[{"href":"http:\/\/www.gestaoderiscos.cg.df.gov.br\/index.php\/wp-json\/wp\/v2\/pages\/15475"}],"collection":[{"href":"http:\/\/www.gestaoderiscos.cg.df.gov.br\/index.php\/wp-json\/wp\/v2\/pages"}],"about":[{"href":"http:\/\/www.gestaoderiscos.cg.df.gov.br\/index.php\/wp-json\/wp\/v2\/types\/page"}],"author":[{"embeddable":true,"href":"http:\/\/www.gestaoderiscos.cg.df.gov.br\/index.php\/wp-json\/wp\/v2\/users\/1"}],"replies":[{"embeddable":true,"href":"http:\/\/www.gestaoderiscos.cg.df.gov.br\/index.php\/wp-json\/wp\/v2\/comments?post=15475"}],"version-history":[{"count":25,"href":"http:\/\/www.gestaoderiscos.cg.df.gov.br\/index.php\/wp-json\/wp\/v2\/pages\/15475\/revisions"}],"predecessor-version":[{"id":16323,"href":"http:\/\/www.gestaoderiscos.cg.df.gov.br\/index.php\/wp-json\/wp\/v2\/pages\/15475\/revisions\/16323"}],"wp:attachment":[{"href":"http:\/\/www.gestaoderiscos.cg.df.gov.br\/index.php\/wp-json\/wp\/v2\/media?parent=15475"}],"curies":[{"name":"wp","href":"https:\/\/api.w.org\/{rel}","templated":true}]}}