{"id":15481,"date":"2021-12-21T12:23:36","date_gmt":"2021-12-21T14:23:36","guid":{"rendered":"http:\/\/www.portalriscos.df.gov.br\/?page_id=15481"},"modified":"2026-04-28T15:20:03","modified_gmt":"2026-04-28T18:20:03","slug":"sistema-saeweb","status":"publish","type":"page","link":"http:\/\/www.gestaoderiscos.cg.df.gov.br\/index.php\/sistema-saeweb\/","title":{"rendered":"Sistema SAEWEB"},"content":{"rendered":"<p>&nbsp;<\/p>\n<p style=\"text-align: justify;\">A CGDF disponibiliza aos \u00d3rg\u00e3os e Entidades do Governo do Distrito Federal acesso ao\u00a0m\u00f3dulo de Gest\u00e3o de Riscos da ferramenta tecnol\u00f3gica SAEWEB &#8211; Sistema\u00a0de Gest\u00e3o de Auditoria do Distrito Federal.<\/p>\n<p>&nbsp;<\/p>\n<p style=\"text-align: justify;\"><strong>Quais s\u00e3o os objetivos e benef\u00edcios esperado com o uso do sistema SAEWEB?<\/strong><\/p>\n<p style=\"padding-left: 30px;\">\u2666 Garante uma padroniza\u00e7\u00e3o das avalia\u00e7\u00f5es de riscos realizadas pela Unidade;<\/p>\n<p style=\"padding-left: 30px;\">\u2666 Permite o acesso r\u00e1pido e preciso \u00e0s informa\u00e7\u00f5es dos mapeamentos de riscos na Unidade;<\/p>\n<p style=\"padding-left: 30px;\">\u2666 Cont\u00e9m uma interface amig\u00e1vel, interativa e de f\u00e1cil utiliza\u00e7\u00e3o;<\/p>\n<p style=\"padding-left: 30px;\">\u2666 Abrange todo o processo de implanta\u00e7\u00e3o previsto no padr\u00e3o da norma ISO 31000\/2018;<\/p>\n<p style=\"padding-left: 30px;\">\u2666 Permite o registro e relato dos gerenciamentos realizados pelos propriet\u00e1rios de riscos de sua Unidade;<\/p>\n<p style=\"padding-left: 30px;\">\u2666 Permite a emiss\u00e3o de relat\u00f3rios gerenciais de forma a auxiliar \u00e0s Inst\u00e2ncias de Governan\u00e7a e Operacionais no processo de tomada de decis\u00e3o;<\/p>\n<p style=\"padding-left: 30px;\">\u2666 Contempla alertas e pain\u00e9is de acompanhamento e monitoramento dos projetos.<\/p>\n<div class=\"su-image-carousel  su-image-carousel-has-spacing su-image-carousel-has-outline su-image-carousel-adaptive su-image-carousel-slides-style-photo su-image-carousel-controls-style-dark su-image-carousel-align-center\" style=\"\" data-flickity-options='{\"groupCells\":true,\"cellSelector\":\".su-image-carousel-item\",\"adaptiveHeight\":true,\"cellAlign\":\"left\",\"prevNextButtons\":true,\"pageDots\":true,\"autoPlay\":4000,\"imagesLoaded\":true,\"contain\":false,\"selectedAttraction\":0.025,\"friction\":0.28}' id=\"su_image_carousel_6a05c6c856fa5\"><div class=\"su-image-carousel-item\"><div class=\"su-image-carousel-item-content\"><img width=\"1915\" height=\"867\" src=\"http:\/\/www.gestaoderiscos.cg.df.gov.br\/wp-content\/uploads\/2020\/05\/SAEWEB-1.png\" class=\"\" alt=\"\" decoding=\"async\" loading=\"lazy\" srcset=\"http:\/\/www.gestaoderiscos.cg.df.gov.br\/wp-content\/uploads\/2020\/05\/SAEWEB-1.png 1915w, http:\/\/www.gestaoderiscos.cg.df.gov.br\/wp-content\/uploads\/2020\/05\/SAEWEB-1-300x136.png 300w, http:\/\/www.gestaoderiscos.cg.df.gov.br\/wp-content\/uploads\/2020\/05\/SAEWEB-1-768x348.png 768w\" sizes=\"(max-width: 1915px) 100vw, 1915px\" \/><\/div><\/div><div class=\"su-image-carousel-item\"><div class=\"su-image-carousel-item-content\"><img width=\"1922\" height=\"869\" src=\"http:\/\/www.gestaoderiscos.cg.df.gov.br\/wp-content\/uploads\/2022\/01\/SAEWEB-3-2.png\" class=\"\" alt=\"\" decoding=\"async\" loading=\"lazy\" srcset=\"http:\/\/www.gestaoderiscos.cg.df.gov.br\/wp-content\/uploads\/2022\/01\/SAEWEB-3-2.png 1922w, http:\/\/www.gestaoderiscos.cg.df.gov.br\/wp-content\/uploads\/2022\/01\/SAEWEB-3-2-300x136.png 300w, http:\/\/www.gestaoderiscos.cg.df.gov.br\/wp-content\/uploads\/2022\/01\/SAEWEB-3-2-768x347.png 768w, http:\/\/www.gestaoderiscos.cg.df.gov.br\/wp-content\/uploads\/2022\/01\/SAEWEB-3-2-1920x868.png 1920w\" sizes=\"(max-width: 1922px) 100vw, 1922px\" \/><\/div><\/div><div class=\"su-image-carousel-item\"><div class=\"su-image-carousel-item-content\"><img width=\"1919\" height=\"863\" src=\"http:\/\/www.gestaoderiscos.cg.df.gov.br\/wp-content\/uploads\/2020\/05\/SAEWEB-2.png\" class=\"\" alt=\"\" decoding=\"async\" loading=\"lazy\" srcset=\"http:\/\/www.gestaoderiscos.cg.df.gov.br\/wp-content\/uploads\/2020\/05\/SAEWEB-2.png 1919w, http:\/\/www.gestaoderiscos.cg.df.gov.br\/wp-content\/uploads\/2020\/05\/SAEWEB-2-300x135.png 300w, http:\/\/www.gestaoderiscos.cg.df.gov.br\/wp-content\/uploads\/2020\/05\/SAEWEB-2-768x345.png 768w\" sizes=\"(max-width: 1919px) 100vw, 1919px\" \/><\/div><\/div><div class=\"su-image-carousel-item\"><div class=\"su-image-carousel-item-content\"><img width=\"1918\" height=\"867\" src=\"http:\/\/www.gestaoderiscos.cg.df.gov.br\/wp-content\/uploads\/2022\/01\/SAEWEB-4.png\" class=\"\" alt=\"\" decoding=\"async\" loading=\"lazy\" srcset=\"http:\/\/www.gestaoderiscos.cg.df.gov.br\/wp-content\/uploads\/2022\/01\/SAEWEB-4.png 1918w, http:\/\/www.gestaoderiscos.cg.df.gov.br\/wp-content\/uploads\/2022\/01\/SAEWEB-4-300x136.png 300w, http:\/\/www.gestaoderiscos.cg.df.gov.br\/wp-content\/uploads\/2022\/01\/SAEWEB-4-768x347.png 768w\" sizes=\"(max-width: 1918px) 100vw, 1918px\" \/><\/div><\/div><\/div><script id=\"su_image_carousel_6a05c6c856fa5_script\">if(window.SUImageCarousel){setTimeout(function() {window.SUImageCarousel.initGallery(document.getElementById(\"su_image_carousel_6a05c6c856fa5\"))}, 0);}var su_image_carousel_6a05c6c856fa5_script=document.getElementById(\"su_image_carousel_6a05c6c856fa5_script\");if(su_image_carousel_6a05c6c856fa5_script){su_image_carousel_6a05c6c856fa5_script.parentNode.removeChild(su_image_carousel_6a05c6c856fa5_script);}<\/script>\n<p>Caso tenha interesse no cadastramento ou treinamento de usu\u00e1rios de sua Unidade no Sistema, entre em contato pelo e-mail <a href=\"mailto:gestaoderiscos@cg.df.gov.br\" target=\"_blank\" rel=\"noopener\">gestaoderiscos@cg.df.gov.br<\/a>.<\/p>\n<p>&nbsp;<\/p>\n<p style=\"text-align: justify;\">Link de acesso ao sistema:\u00a0<a href=\"https:\/\/saeweb.cg.df.gov.br\/\" target=\"_blank\" rel=\"noopener\">https:\/\/saeweb.cg.df.gov.br\/<\/a><\/p>\n","protected":false},"excerpt":{"rendered":"<p>&nbsp; A CGDF disponibiliza aos \u00d3rg\u00e3os e Entidades do Governo do Distrito Federal acesso ao\u00a0m\u00f3dulo de Gest\u00e3o de Riscos da ferramenta tecnol\u00f3gica SAEWEB &#8211; Sistema\u00a0de Gest\u00e3o de Auditoria do Distrito Federal. &nbsp; Quais s\u00e3o os objetivos e benef\u00edcios esperado com o uso do sistema SAEWEB? \u2666 Garante uma padroniza\u00e7\u00e3o das avalia\u00e7\u00f5es de riscos realizadas pela [&hellip;]<\/p>\n","protected":false},"author":1,"featured_media":0,"parent":0,"menu_order":0,"comment_status":"closed","ping_status":"closed","template":"","meta":[],"acf":[],"_links":{"self":[{"href":"http:\/\/www.gestaoderiscos.cg.df.gov.br\/index.php\/wp-json\/wp\/v2\/pages\/15481"}],"collection":[{"href":"http:\/\/www.gestaoderiscos.cg.df.gov.br\/index.php\/wp-json\/wp\/v2\/pages"}],"about":[{"href":"http:\/\/www.gestaoderiscos.cg.df.gov.br\/index.php\/wp-json\/wp\/v2\/types\/page"}],"author":[{"embeddable":true,"href":"http:\/\/www.gestaoderiscos.cg.df.gov.br\/index.php\/wp-json\/wp\/v2\/users\/1"}],"replies":[{"embeddable":true,"href":"http:\/\/www.gestaoderiscos.cg.df.gov.br\/index.php\/wp-json\/wp\/v2\/comments?post=15481"}],"version-history":[{"count":34,"href":"http:\/\/www.gestaoderiscos.cg.df.gov.br\/index.php\/wp-json\/wp\/v2\/pages\/15481\/revisions"}],"predecessor-version":[{"id":17944,"href":"http:\/\/www.gestaoderiscos.cg.df.gov.br\/index.php\/wp-json\/wp\/v2\/pages\/15481\/revisions\/17944"}],"wp:attachment":[{"href":"http:\/\/www.gestaoderiscos.cg.df.gov.br\/index.php\/wp-json\/wp\/v2\/media?parent=15481"}],"curies":[{"name":"wp","href":"https:\/\/api.w.org\/{rel}","templated":true}]}}