{"id":15484,"date":"2021-12-21T12:23:48","date_gmt":"2021-12-21T14:23:48","guid":{"rendered":"http:\/\/www.portalriscos.df.gov.br\/?page_id=15484"},"modified":"2025-05-21T11:33:01","modified_gmt":"2025-05-21T14:33:01","slug":"acervo-tecnico","status":"publish","type":"page","link":"http:\/\/www.gestaoderiscos.cg.df.gov.br\/index.php\/acervo-tecnico\/","title":{"rendered":"Acervo T\u00e9cnico &#8211; Riscos"},"content":{"rendered":"<p>&nbsp;<\/p>\n<p><strong>Modelos de documentos (artefatos) utilizados nas implanta\u00e7\u00f5es de Gest\u00e3o de Riscos:<\/strong><\/p>\n<p><span style=\"font-size: 8pt;\">Clique nos bot\u00f5es abaixo para acessar os modelos de artefato<\/span><\/p>\n<p>&nbsp; &nbsp; &nbsp; &nbsp;<a class=\"fasc-button fasc-size-medium fasc-type-glossy fasc-rounded-medium fasc-ico-before dashicons-format-aside\" style=\"background-color: #4079bc; color: #ffffff;\" target=\"_blank\" rel=\"noopener\" href=\"https:\/\/www.cg.df.gov.br\/wp-conteudo\/uploads\/2018\/02\/Guia-Gestao_de_Riscos_nas_Contratacoes.pdf\">GUIA \u2013 Gest\u00e3o de Riscos nas contrata\u00e7\u00f5es<\/a><\/p>\n<p>&nbsp; &nbsp; &nbsp; &nbsp;<a class=\"fasc-button fasc-size-medium fasc-type-glossy fasc-rounded-medium fasc-ico-before dashicons-format-aside\" style=\"background-color: #4079bc; color: #ffffff;\" target=\"_blank\" rel=\"noopener\" href=\"https:\/\/www.cg.df.gov.br\/wp-conteudo\/uploads\/2023\/08\/Acao_de_Controle-Modelos_de_Formularios-SUBCI-CGDF.pdf\">A\u00e7\u00f5es de Controle &#8211; Modelos de Formul\u00e1rios (COUCI\/CGDF)<\/a><\/p>\n<p style=\"padding-left: 30px;\"><a class=\"fasc-button fasc-size-medium fasc-type-glossy fasc-rounded-medium fasc-ico-before dashicons-format-aside\" style=\"background-color: #4079bc; color: #ffffff;\" target=\"_blank\" rel=\"noopener\" href=\"http:\/\/www.gestaoderiscos.cg.df.gov.br\/wp-content\/uploads\/2025\/05\/Modelo-Politica_de_Gestao_de_Riscos-2025.pdf\">Pol\u00edtica de Gest\u00e3o de Riscos<\/a><\/p>\n<p style=\"padding-left: 30px;\"><a class=\"fasc-button fasc-size-medium fasc-type-glossy fasc-rounded-medium fasc-ico-before dashicons-format-aside\" style=\"background-color: #4079bc; color: #ffffff;\" target=\"_blank\" rel=\"noopener\" href=\"http:\/\/www.gestaoderiscos.cg.df.gov.br\/wp-content\/uploads\/2022\/01\/Modelo-de-artefato-Estabelecimento-de-Escopo-Contexto-e-Crit\u00e9rio-para-Gest\u00e3o-de-Riscos.pdf\">&#8220;Escopo, Contexto e Crit\u00e9rio&#8221;<\/a><\/p>\n<p style=\"padding-left: 30px;\"><a class=\"fasc-button fasc-size-medium fasc-type-glossy fasc-rounded-medium fasc-ico-before dashicons-format-aside\" style=\"background-color: #4079bc; color: #ffffff;\" target=\"_blank\" rel=\"noopener\" href=\"http:\/\/www.gestaoderiscos.cg.df.gov.br\/wp-content\/uploads\/2022\/01\/Modelo-de-artefato-Matriz-de-Riscos-para-Gest\u00e3o-de-Riscos.xlsx\">Matriz de Riscos<\/a><\/p>\n<p style=\"padding-left: 30px;\"><a class=\"fasc-button fasc-size-medium fasc-type-glossy fasc-rounded-medium fasc-ico-before dashicons-format-aside\" style=\"background-color: #4079bc; color: #ffffff;\" target=\"_blank\" rel=\"noopener\" href=\"http:\/\/www.gestaoderiscos.cg.df.gov.br\/wp-content\/uploads\/2020\/05\/Modelo-Matriz-de-Riscos-de-Contrata\u00e7\u00f5es-e-Aquisi\u00e7\u00f5es-MRCA.pdf\">Modelo de Matriz de Riscos de Contrata\u00e7\u00f5es e Aquisi\u00e7\u00f5es &#8211; MRCA<\/a>&nbsp;<span style=\"font-size: 8pt;\">vers\u00e3o pdf<\/span>&nbsp;&nbsp;<\/p>\n<p style=\"padding-left: 30px;\"><a class=\"fasc-button fasc-size-medium fasc-type-glossy fasc-rounded-medium fasc-ico-before dashicons-format-aside\" style=\"background-color: #4079bc; color: #ffffff;\" target=\"_blank\" rel=\"noopener\" href=\"http:\/\/www.gestaoderiscos.cg.df.gov.br\/wp-content\/uploads\/2022\/01\/Modelo-de-artefato-Plano-de-A\u00e7\u00e3o-para-Gest\u00e3o-de-Riscos.xlsx\">Plano de Tratamento de Riscos<\/a><\/p>\n<p style=\"padding-left: 30px;\"><a class=\"fasc-button fasc-size-medium fasc-type-glossy fasc-rounded-medium fasc-ico-before dashicons-format-aside\" style=\"background-color: #4079bc; color: #ffffff;\" target=\"_blank\" rel=\"noopener\" href=\"http:\/\/www.gestaoderiscos.cg.df.gov.br\/wp-content\/uploads\/2022\/01\/Modelo-de-artefato-Plano-de-Comunica\u00e7\u00e3o-para-Gest\u00e3o-de-Riscos.pdf\">Plano de Comunica\u00e7\u00e3o para a Gest\u00e3o de Riscos<\/a><\/p>\n<p style=\"padding-left: 30px;\"><a class=\"fasc-button fasc-size-medium fasc-type-glossy fasc-rounded-medium fasc-ico-before dashicons-format-aside\" style=\"background-color: #4079bc; color: #ffffff;\" target=\"_blank\" rel=\"noopener\" href=\"http:\/\/www.gestaoderiscos.cg.df.gov.br\/wp-content\/uploads\/2022\/03\/Modelo-de-artefato-Relat\u00f3rio-de-Gerenciamento-de-Riscos-3.pdf\">Relat\u00f3rio de Gerenciamento de Riscos<\/a><\/p>\n<p style=\"padding-left: 30px;\"><a class=\"fasc-button fasc-size-medium fasc-type-glossy fasc-rounded-medium fasc-ico-before dashicons-format-aside\" style=\"background-color: #4079bc; color: #ffffff;\" target=\"_blank\" rel=\"noopener\" href=\"http:\/\/www.gestaoderiscos.cg.df.gov.br\/wp-content\/uploads\/2022\/01\/Modelo-de-artefato-Acompanhamento-da-Implanta\u00e7\u00e3o-para-Gest\u00e3o-de-Riscos.pdf\">Relat\u00f3rio de Acompanhamento da Gest\u00e3o de Riscos (\u00c1rea t\u00e1tica)<\/a>&nbsp;<\/p>\n","protected":false},"excerpt":{"rendered":"<p>&nbsp; Modelos de documentos (artefatos) utilizados nas implanta\u00e7\u00f5es de Gest\u00e3o de Riscos: Clique nos bot\u00f5es abaixo para acessar os modelos de artefato &nbsp; &nbsp; &nbsp; &nbsp;GUIA \u2013 Gest\u00e3o de Riscos nas contrata\u00e7\u00f5es &nbsp; &nbsp; &nbsp; &nbsp;A\u00e7\u00f5es de Controle &#8211; Modelos de Formul\u00e1rios (COUCI\/CGDF) Pol\u00edtica de Gest\u00e3o de Riscos &#8220;Escopo, Contexto e Crit\u00e9rio&#8221; Matriz de Riscos [&hellip;]<\/p>\n","protected":false},"author":1,"featured_media":0,"parent":0,"menu_order":0,"comment_status":"closed","ping_status":"closed","template":"","meta":[],"acf":[],"_links":{"self":[{"href":"http:\/\/www.gestaoderiscos.cg.df.gov.br\/index.php\/wp-json\/wp\/v2\/pages\/15484"}],"collection":[{"href":"http:\/\/www.gestaoderiscos.cg.df.gov.br\/index.php\/wp-json\/wp\/v2\/pages"}],"about":[{"href":"http:\/\/www.gestaoderiscos.cg.df.gov.br\/index.php\/wp-json\/wp\/v2\/types\/page"}],"author":[{"embeddable":true,"href":"http:\/\/www.gestaoderiscos.cg.df.gov.br\/index.php\/wp-json\/wp\/v2\/users\/1"}],"replies":[{"embeddable":true,"href":"http:\/\/www.gestaoderiscos.cg.df.gov.br\/index.php\/wp-json\/wp\/v2\/comments?post=15484"}],"version-history":[{"count":28,"href":"http:\/\/www.gestaoderiscos.cg.df.gov.br\/index.php\/wp-json\/wp\/v2\/pages\/15484\/revisions"}],"predecessor-version":[{"id":16509,"href":"http:\/\/www.gestaoderiscos.cg.df.gov.br\/index.php\/wp-json\/wp\/v2\/pages\/15484\/revisions\/16509"}],"wp:attachment":[{"href":"http:\/\/www.gestaoderiscos.cg.df.gov.br\/index.php\/wp-json\/wp\/v2\/media?parent=15484"}],"curies":[{"name":"wp","href":"https:\/\/api.w.org\/{rel}","templated":true}]}}