{"id":15518,"date":"2022-01-10T12:25:23","date_gmt":"2022-01-10T14:25:23","guid":{"rendered":"http:\/\/www.portalriscos.df.gov.br\/?page_id=15518"},"modified":"2022-03-22T16:04:25","modified_gmt":"2022-03-22T19:04:25","slug":"acervo-tecnico-integridade","status":"publish","type":"page","link":"http:\/\/www.gestaoderiscos.cg.df.gov.br\/index.php\/acervo-tecnico-integridade\/","title":{"rendered":"Acervo T\u00e9cnico &#8211; Integridade"},"content":{"rendered":"<p>&nbsp;<\/p>\n<p><strong>Modelos de documentos (artefatos) utilizados nas implanta\u00e7\u00f5es de Programas de Integridade:<\/strong><\/p>\n<p><span style=\"font-size: 8pt;\">Clique nos bot\u00f5es abaixo para acessar os modelos de artefatos<\/span><\/p>\n<p style=\"padding-left: 30px;\"><a class=\"fasc-button fasc-size-medium fasc-type-glossy fasc-rounded-medium fasc-ico-before dashicons-format-aside\" style=\"background-color: #4079bc; color: #ffffff;\" target=\"_blank\" rel=\"noopener\" href=\"http:\/\/www.gestaoderiscos.cg.df.gov.br\/wp-content\/uploads\/2022\/01\/Modelo-de-artefato-Pol\u00edtica-de-Integridade.pdf\">Pol\u00edtica de Integridade<\/a><\/p>\n<p style=\"padding-left: 30px;\"><a class=\"fasc-button fasc-size-medium fasc-type-glossy fasc-rounded-medium fasc-ico-before dashicons-format-aside\" style=\"background-color: #4079bc; color: #ffffff;\" target=\"_blank\" rel=\"noopener\" href=\"http:\/\/www.gestaoderiscos.cg.df.gov.br\/wp-content\/uploads\/2022\/01\/Modelo-de-artefato-Estabelecimento-de-Escopo-Contexto-e-Crit\u00e9rio-para-Integridade.pdf\">&#8220;Escopo, Contexto e Crit\u00e9rio&#8221; de Integridade<\/a><\/p>\n<p style=\"padding-left: 30px;\"><a class=\"fasc-button fasc-size-medium fasc-type-glossy fasc-rounded-medium fasc-ico-before dashicons-format-aside\" style=\"background-color: #4079bc; color: #ffffff;\" target=\"_blank\" rel=\"noopener\" href=\"http:\/\/www.gestaoderiscos.cg.df.gov.br\/wp-content\/uploads\/2022\/03\/Modelo-de-Matriz-de-Riscos-Integridade.pdf\">Matriz de Riscos de Integridade<\/a><\/p>\n<p style=\"padding-left: 30px;\"><a class=\"fasc-button fasc-size-medium fasc-type-glossy fasc-rounded-medium fasc-ico-before dashicons-format-aside\" style=\"background-color: #4079bc; color: #ffffff;\" target=\"_blank\" rel=\"noopener\" href=\"http:\/\/www.gestaoderiscos.cg.df.gov.br\/wp-content\/uploads\/2022\/02\/Modelo-de-Matriz-de-Riscos-Integridade.pdf\">Modelo de Matriz de Riscos para Programas de Integridade &#8211; MRPI<\/a>&nbsp;<span style=\"font-size: 8pt;\">vers\u00e3o pdf<\/span>&nbsp;<\/p>\n<p style=\"padding-left: 30px;\"><a class=\"fasc-button fasc-size-medium fasc-type-glossy fasc-rounded-medium fasc-ico-before dashicons-format-aside\" style=\"background-color: #4079bc; color: #ffffff;\" target=\"_blank\" rel=\"noopener\" href=\"http:\/\/www.gestaoderiscos.cg.df.gov.br\/wp-content\/uploads\/2022\/01\/Modelo-de-artefato-Plano-de-A\u00e7\u00e3o-para-Programas-de-Integridade.xlsx\">Plano de Tratamento de Riscos de integridade<\/a><\/p>\n<p style=\"padding-left: 30px;\"><a class=\"fasc-button fasc-size-medium fasc-type-glossy fasc-rounded-medium fasc-ico-before dashicons-format-aside\" style=\"background-color: #4079bc; color: #ffffff;\" target=\"_blank\" rel=\"noopener\" href=\"http:\/\/www.gestaoderiscos.cg.df.gov.br\/wp-content\/uploads\/2022\/03\/Modelo-de-artefato-Relat\u00f3rio-de-Gerenciamento-de-Riscos-3.pdf\">Relat\u00f3rio de Gerenciamento de Riscos de Integridade<\/a><\/p>\n<p style=\"padding-left: 30px;\"><a class=\"fasc-button fasc-size-medium fasc-type-glossy fasc-rounded-medium fasc-ico-before dashicons-format-aside\" style=\"background-color: #4079bc; color: #ffffff;\" target=\"_blank\" href=\"http:\/\/www.gestaoderiscos.cg.df.gov.br\/wp-content\/uploads\/2022\/01\/Modelo-de-artefato-Acompanhamento-da-\u00c1rea-T\u00e1tica-da-Implanta\u00e7\u00e3o-para-Integridade.pdf\">Relat\u00f3rio de Acompanhamento do Programa de Integridade<\/a><\/p>\n","protected":false},"excerpt":{"rendered":"<p>&nbsp; Modelos de documentos (artefatos) utilizados nas implanta\u00e7\u00f5es de Programas de Integridade: Clique nos bot\u00f5es abaixo para acessar os modelos de artefatos Pol\u00edtica de Integridade &#8220;Escopo, Contexto e Crit\u00e9rio&#8221; de Integridade Matriz de Riscos de Integridade Modelo de Matriz de Riscos para Programas de Integridade &#8211; MRPI&nbsp;vers\u00e3o pdf&nbsp; Plano de Tratamento de Riscos de integridade [&hellip;]<\/p>\n","protected":false},"author":1,"featured_media":0,"parent":0,"menu_order":0,"comment_status":"closed","ping_status":"closed","template":"","meta":[],"acf":[],"_links":{"self":[{"href":"http:\/\/www.gestaoderiscos.cg.df.gov.br\/index.php\/wp-json\/wp\/v2\/pages\/15518"}],"collection":[{"href":"http:\/\/www.gestaoderiscos.cg.df.gov.br\/index.php\/wp-json\/wp\/v2\/pages"}],"about":[{"href":"http:\/\/www.gestaoderiscos.cg.df.gov.br\/index.php\/wp-json\/wp\/v2\/types\/page"}],"author":[{"embeddable":true,"href":"http:\/\/www.gestaoderiscos.cg.df.gov.br\/index.php\/wp-json\/wp\/v2\/users\/1"}],"replies":[{"embeddable":true,"href":"http:\/\/www.gestaoderiscos.cg.df.gov.br\/index.php\/wp-json\/wp\/v2\/comments?post=15518"}],"version-history":[{"count":24,"href":"http:\/\/www.gestaoderiscos.cg.df.gov.br\/index.php\/wp-json\/wp\/v2\/pages\/15518\/revisions"}],"predecessor-version":[{"id":16613,"href":"http:\/\/www.gestaoderiscos.cg.df.gov.br\/index.php\/wp-json\/wp\/v2\/pages\/15518\/revisions\/16613"}],"wp:attachment":[{"href":"http:\/\/www.gestaoderiscos.cg.df.gov.br\/index.php\/wp-json\/wp\/v2\/media?parent=15518"}],"curies":[{"name":"wp","href":"https:\/\/api.w.org\/{rel}","templated":true}]}}