{"id":15531,"date":"2022-01-10T12:40:38","date_gmt":"2022-01-10T14:40:38","guid":{"rendered":"http:\/\/www.portalriscos.df.gov.br\/?page_id=15531"},"modified":"2026-04-30T12:45:56","modified_gmt":"2026-04-30T15:45:56","slug":"capacitacao","status":"publish","type":"page","link":"http:\/\/www.gestaoderiscos.cg.df.gov.br\/index.php\/capacitacao\/","title":{"rendered":"Capacita\u00e7\u00f5es realizadas"},"content":{"rendered":"<p>&nbsp;<\/p>\n<p style=\"text-align: justify;\">Com rela\u00e7\u00e3o ao n\u00famero de pessoas capacitadas, desde o m\u00eas de junho de 2016 at\u00e9 dezembro de 2025, os treinamentos realizados pela CGDF em Gest\u00e3o de Riscos e Programa de Integridade alcan\u00e7aram o total de <strong>2.603 agentes p\u00fablicos<\/strong>.<\/p>\n<p style=\"text-align: justify;\">&nbsp;<\/p>\n<p style=\"text-align: justify;\">Embora o foco principal do curso seja os agentes de institui\u00e7\u00f5es p\u00fablicas do complexo administrativo do DF, a Controladoria-Geral j\u00e1 ministrou cursos sob demanda a servidores de Unidades de outros entes federativos, como o Minist\u00e9rio da Defesa \u2013 MD, a Controladoria-Geral do Estado do Par\u00e1 \u2013 CGE\/PA, a Controladoria-Geral do Estado de S\u00e3o Paulo \u2013 CGE\/SP, a Secretaria da Controladoria-Geral do Estado de Pernambuco \u2013 SCGE\/PE, a Controladoria-Geral do Munic\u00edpio de Goi\u00e2nia \u2013 CGM\/GYN e a Controladoria-Geral do Munic\u00edpio de Porto Alegre \u2013 CGP\/POA.<\/p>\n<p style=\"text-align: justify;\">&nbsp;<\/p>\n<p style=\"text-align: justify;\">O gr\u00e1fico abaixo demonstra o acumulado de agentes p\u00fablicos capacitados por ano desde 2016:<\/p>\n<p style=\"text-align: justify;\">&nbsp;<\/p>\n<p style=\"padding-left: 90px;\"><iframe loading=\"lazy\" src=\"https:\/\/docs.google.com\/spreadsheets\/d\/e\/2PACX-1vTqaP2vqkklwwumKkvDXUcmVox0LAcweSZRXTXcTysJ2lIFeJXpx6VRw8E9iQu6dhkRS14WMA7Nvz2F\/pubchart?oid=921946504&amp;format=interactive\" width=\"600\" height=\"371\" frameborder=\"0\" scrolling=\"no\" seamless=\"\"><\/iframe><\/p>\n<p>&nbsp;<\/p>\n<p style=\"text-align: center;\"><span style=\"font-size: 10pt;\"><span style=\"font-size: 8pt;\"><a class=\"fasc-button fasc-size-small fasc-type-glossy fasc-rounded-medium fasc-ico-after dashicons-calendar\" style=\"background-color: #4079bc; color: #ffffff;\" target=\"_blank\" rel=\"noopener\" href=\"http:\/\/www.gestaoderiscos.cg.df.gov.br\/wp-content\/uploads\/2025\/01\/Portal-de-Gestao-de-Riscos-Cronograma-treinamentos.pdf\">Acesse o cronograma de cursos de 2025<\/a><\/span><\/span><\/p>\n<p>&nbsp;<\/p>\n<p style=\"text-align: justify;\"><strong>Para saber mais sobre a agenda de treinamentos e pr\u00f3ximas turmas disponibilizadas, entre em contato com nossa equipe: <a href=\"mailto:gestaoderiscos@cg.df.gov.br\"><span style=\"color: #4079bc;\">gestaoderiscos@cg.df.gov.br<\/span><\/a>.<\/strong><\/p>\n<p>&nbsp;<\/p>\n<p><img decoding=\"async\" loading=\"lazy\" class=\"alignnone wp-image-17334\" src=\"http:\/\/www.gestaoderiscos.cg.df.gov.br\/wp-content\/uploads\/2025\/01\/Agenda-9-300x200.jpg\" alt=\"\" width=\"370\" height=\"247\" srcset=\"http:\/\/www.gestaoderiscos.cg.df.gov.br\/wp-content\/uploads\/2025\/01\/Agenda-9-300x200.jpg 300w, http:\/\/www.gestaoderiscos.cg.df.gov.br\/wp-content\/uploads\/2025\/01\/Agenda-9.jpg 640w\" sizes=\"(max-width: 370px) 100vw, 370px\" \/> <img decoding=\"async\" loading=\"lazy\" class=\"alignnone wp-image-17335\" src=\"http:\/\/www.gestaoderiscos.cg.df.gov.br\/wp-content\/uploads\/2025\/01\/Agenda-6-300x200.jpg\" alt=\"\" width=\"370\" height=\"247\" srcset=\"http:\/\/www.gestaoderiscos.cg.df.gov.br\/wp-content\/uploads\/2025\/01\/Agenda-6-300x200.jpg 300w, http:\/\/www.gestaoderiscos.cg.df.gov.br\/wp-content\/uploads\/2025\/01\/Agenda-6.jpg 640w\" sizes=\"(max-width: 370px) 100vw, 370px\" \/><\/p>\n<p><img decoding=\"async\" loading=\"lazy\" class=\"alignnone wp-image-17337\" style=\"font-family: 'Open Sans', sans-serif; font-size: 16px; font-style: normal; font-weight: 400;\" src=\"http:\/\/www.gestaoderiscos.cg.df.gov.br\/wp-content\/uploads\/2025\/01\/Agenda-4-300x200.jpg\" alt=\"\" width=\"370\" height=\"247\" srcset=\"http:\/\/www.gestaoderiscos.cg.df.gov.br\/wp-content\/uploads\/2025\/01\/Agenda-4-300x200.jpg 300w, http:\/\/www.gestaoderiscos.cg.df.gov.br\/wp-content\/uploads\/2025\/01\/Agenda-4.jpg 640w\" sizes=\"(max-width: 370px) 100vw, 370px\" \/> <img decoding=\"async\" loading=\"lazy\" class=\"alignnone wp-image-17318\" src=\"http:\/\/www.gestaoderiscos.cg.df.gov.br\/wp-content\/uploads\/2025\/01\/Agenda-3-300x200.jpg\" alt=\"\" width=\"370\" height=\"247\" srcset=\"http:\/\/www.gestaoderiscos.cg.df.gov.br\/wp-content\/uploads\/2025\/01\/Agenda-3-300x200.jpg 300w, http:\/\/www.gestaoderiscos.cg.df.gov.br\/wp-content\/uploads\/2025\/01\/Agenda-3.jpg 640w\" sizes=\"(max-width: 370px) 100vw, 370px\" \/><\/p>\n<p>&nbsp;<\/p>\n<p>&nbsp;<\/p>\n","protected":false},"excerpt":{"rendered":"<p>&nbsp; Com rela\u00e7\u00e3o ao n\u00famero de pessoas capacitadas, desde o m\u00eas de junho de 2016 at\u00e9 dezembro de 2025, os treinamentos realizados pela CGDF em Gest\u00e3o de Riscos e Programa de Integridade alcan\u00e7aram o total de 2.603 agentes p\u00fablicos. &nbsp; Embora o foco principal do curso seja os agentes de institui\u00e7\u00f5es p\u00fablicas do complexo administrativo [&hellip;]<\/p>\n","protected":false},"author":1,"featured_media":0,"parent":0,"menu_order":0,"comment_status":"closed","ping_status":"closed","template":"","meta":[],"acf":[],"_links":{"self":[{"href":"http:\/\/www.gestaoderiscos.cg.df.gov.br\/index.php\/wp-json\/wp\/v2\/pages\/15531"}],"collection":[{"href":"http:\/\/www.gestaoderiscos.cg.df.gov.br\/index.php\/wp-json\/wp\/v2\/pages"}],"about":[{"href":"http:\/\/www.gestaoderiscos.cg.df.gov.br\/index.php\/wp-json\/wp\/v2\/types\/page"}],"author":[{"embeddable":true,"href":"http:\/\/www.gestaoderiscos.cg.df.gov.br\/index.php\/wp-json\/wp\/v2\/users\/1"}],"replies":[{"embeddable":true,"href":"http:\/\/www.gestaoderiscos.cg.df.gov.br\/index.php\/wp-json\/wp\/v2\/comments?post=15531"}],"version-history":[{"count":82,"href":"http:\/\/www.gestaoderiscos.cg.df.gov.br\/index.php\/wp-json\/wp\/v2\/pages\/15531\/revisions"}],"predecessor-version":[{"id":17958,"href":"http:\/\/www.gestaoderiscos.cg.df.gov.br\/index.php\/wp-json\/wp\/v2\/pages\/15531\/revisions\/17958"}],"wp:attachment":[{"href":"http:\/\/www.gestaoderiscos.cg.df.gov.br\/index.php\/wp-json\/wp\/v2\/media?parent=15531"}],"curies":[{"name":"wp","href":"https:\/\/api.w.org\/{rel}","templated":true}]}}