{"id":15639,"date":"2022-01-14T11:53:04","date_gmt":"2022-01-14T13:53:04","guid":{"rendered":"http:\/\/www.portalriscos.df.gov.br\/?page_id=15639"},"modified":"2022-02-02T13:16:44","modified_gmt":"2022-02-02T15:16:44","slug":"legislacao","status":"publish","type":"page","link":"http:\/\/www.gestaoderiscos.cg.df.gov.br\/index.php\/legislacao\/","title":{"rendered":"Legisla\u00e7\u00e3o"},"content":{"rendered":"<p>&nbsp;<\/p>\n<p style=\"text-align: justify;\"><span style=\"font-size: 10pt;\"><a href=\"http:\/\/www.cg.df.gov.br\/wp-conteudo\/uploads\/2018\/02\/TCDF-3320_2015.pdf\" target=\"_blank\" rel=\"noopener\"><strong>Decis\u00e3o Ord. n\u00b0 3.320\/2015<\/strong> \u2013 Decis\u00e3o que recomenda \u00e0 CGDF aprimorar a gest\u00e3o de riscos no \u00e2mbito do Complexo Administrativo do Distrito Federal.<\/a><\/span><\/p>\n<p>&nbsp;<\/p>\n<p style=\"text-align: justify;\"><span style=\"font-size: 10pt;\"><a href=\"http:\/\/www.tc.df.gov.br\/sinj\/Norma\/62b125e556c2408ba49802520e9f96e4\/exec_dec_37302_2016.html\" target=\"_blank\" rel=\"noopener\"><strong>Decreto n\u00ba 37.302, de 29 de abril de 2016<\/strong> \u2013 Estabelece os modelos de boas pr\u00e1ticas gerenciais em Gest\u00e3o de Riscos e Controle Interno a serem adotados no \u00e2mbito da Administra\u00e7\u00e3o P\u00fablica do DF.<\/a><\/span><\/p>\n<p>&nbsp;<\/p>\n<p style=\"text-align: justify;\"><span style=\"font-size: 10pt;\"><a href=\"http:\/\/legislacao.planalto.gov.br\/legisla\/legislacao.nsf\/Viw_Identificacao\/lei%2013.303-2016?OpenDocument\"><strong>Lei Federal n\u00ba 13.303, de 30 de junho de 2016<\/strong> &#8211;\u00a0Disp\u00f5e sobre o estatuto jur\u00eddico da empresa p\u00fablica, da sociedade de economia mista e de suas subsidi\u00e1rias, no \u00e2mbito da Uni\u00e3o, dos Estados, do Distrito Federal e dos Munic\u00edpios.<\/a><\/span><\/p>\n<p>&nbsp;<\/p>\n<p style=\"text-align: justify;\"><span style=\"font-size: 10pt;\"><a href=\"http:\/\/www.planalto.gov.br\/ccivil_03\/_ato2015-2018\/2016\/decreto\/d8945.htm\"><strong>Decreto <\/strong><strong>n\u00ba 8.945, de 27 de dezembro de 2016 &#8211; <\/strong>Regulamenta, no \u00e2mbito da Uni\u00e3o, a Lei n\u00ba 13.303, de 30 de junho de 2016, que disp\u00f5e sobre o estatuto jur\u00eddico da empresa p\u00fablica, da sociedade de economia mista e de suas subsidi\u00e1rias, no \u00e2mbito da Uni\u00e3o, dos Estados, do Distrito Federal e dos Munic\u00edpios.<\/a><\/span><\/p>\n<p>&nbsp;<\/p>\n<p style=\"text-align: justify;\"><span style=\"font-size: 10pt;\"><a href=\"http:\/\/www.sinj.df.gov.br\/sinj\/Norma\/2ff8a178f08b436094e2687a1bf0eaf3\/Decreto_37967_20_01_2017.html\"><strong>Decreto <\/strong><strong>n\u00ba\u00a037.967, de 20 de janeiro de 2017 &#8211;\u00a0<\/strong>Regulamenta, no \u00e2mbito do Distrito Federal, a Lei Federal n\u00ba 13.303, de 30 de junho de 2016, que disp\u00f5e sobre o estatuto jur\u00eddico da empresa p\u00fablica, da sociedade de economia mista e de suas subsidi\u00e1rias, no \u00e2mbito da Uni\u00e3o, dos Estados, do Distrito Federal e dos Munic\u00edpios.<\/a><\/span><\/p>\n<p>&nbsp;<\/p>\n<p style=\"text-align: justify;\"><span style=\"font-size: 10pt;\"><a href=\"http:\/\/www.sinj.df.gov.br\/sinj\/Norma\/5961832d2d6948a38fd8168088a7ed5b\/Decreto_39736_28_03_2019.html\" target=\"_blank\" rel=\"noopener\"><strong>Decreto n\u00ba 39.736, de 28 de mar\u00e7o de 2019<\/strong> \u2013 Disp\u00f5e sobre a Pol\u00edtica de Governan\u00e7a P\u00fablica e Compliance no \u00e2mbito da Administra\u00e7\u00e3o Direta, Aut\u00e1rquica e Fundacional do Poder Executivo do Distrito Federal.<\/a><\/span><\/p>\n","protected":false},"excerpt":{"rendered":"<p>&nbsp; Decis\u00e3o Ord. n\u00b0 3.320\/2015 \u2013 Decis\u00e3o que recomenda \u00e0 CGDF aprimorar a gest\u00e3o de riscos no \u00e2mbito do Complexo Administrativo do Distrito Federal. &nbsp; Decreto n\u00ba 37.302, de 29 de abril de 2016 \u2013 Estabelece os modelos de boas pr\u00e1ticas gerenciais em Gest\u00e3o de Riscos e Controle Interno a serem adotados no \u00e2mbito da [&hellip;]<\/p>\n","protected":false},"author":1,"featured_media":0,"parent":0,"menu_order":3,"comment_status":"closed","ping_status":"closed","template":"","meta":[],"acf":[],"_links":{"self":[{"href":"http:\/\/www.gestaoderiscos.cg.df.gov.br\/index.php\/wp-json\/wp\/v2\/pages\/15639"}],"collection":[{"href":"http:\/\/www.gestaoderiscos.cg.df.gov.br\/index.php\/wp-json\/wp\/v2\/pages"}],"about":[{"href":"http:\/\/www.gestaoderiscos.cg.df.gov.br\/index.php\/wp-json\/wp\/v2\/types\/page"}],"author":[{"embeddable":true,"href":"http:\/\/www.gestaoderiscos.cg.df.gov.br\/index.php\/wp-json\/wp\/v2\/users\/1"}],"replies":[{"embeddable":true,"href":"http:\/\/www.gestaoderiscos.cg.df.gov.br\/index.php\/wp-json\/wp\/v2\/comments?post=15639"}],"version-history":[{"count":17,"href":"http:\/\/www.gestaoderiscos.cg.df.gov.br\/index.php\/wp-json\/wp\/v2\/pages\/15639\/revisions"}],"predecessor-version":[{"id":16094,"href":"http:\/\/www.gestaoderiscos.cg.df.gov.br\/index.php\/wp-json\/wp\/v2\/pages\/15639\/revisions\/16094"}],"wp:attachment":[{"href":"http:\/\/www.gestaoderiscos.cg.df.gov.br\/index.php\/wp-json\/wp\/v2\/media?parent=15639"}],"curies":[{"name":"wp","href":"https:\/\/api.w.org\/{rel}","templated":true}]}}