{"id":15645,"date":"2022-01-18T17:11:17","date_gmt":"2022-01-18T19:11:17","guid":{"rendered":"http:\/\/www.portalriscos.df.gov.br\/?page_id=15645"},"modified":"2022-02-02T21:30:54","modified_gmt":"2022-02-02T23:30:54","slug":"conceitos-integridade","status":"publish","type":"page","link":"http:\/\/www.gestaoderiscos.cg.df.gov.br\/index.php\/conceitos-integridade\/","title":{"rendered":"Conceitos &#8211; Programa de Integridade"},"content":{"rendered":"<p>&nbsp;<\/p>\n<p>Apresentamos abaixo os principais conceitos utilizados sobre Programa de integridade.<\/p>\n<p>&nbsp;<\/p>\n<p style=\"text-align: justify;\"><strong>Pol\u00edtica de Integridade<\/strong><\/p>\n<p style=\"text-align: justify;\">Declara\u00e7\u00e3o das inten\u00e7\u00f5es e diretrizes gerais de uma organiza\u00e7\u00e3o relacionadas \u00e0 Integridade P\u00fablica.<\/p>\n<p>&nbsp;<\/p>\n<p style=\"text-align: justify;\"><strong>Governan\u00e7a p\u00fablica<\/strong><\/p>\n<p style=\"text-align: justify;\">Conjunto de mecanismos de lideran\u00e7a, estrat\u00e9gia e controle postos em pr\u00e1tica para avaliar, direcionar e monitorar a gest\u00e3o, com vistas \u00e0 condu\u00e7\u00e3o de pol\u00edticas p\u00fablicas e \u00e0 presta\u00e7\u00e3o de servi\u00e7os de interesse da sociedade.<\/p>\n<p>&nbsp;<\/p>\n<p style=\"text-align: justify;\"><strong>Integridade<\/strong><\/p>\n<p style=\"text-align: justify;\">Alinhamento consistente de comportamentos e de condutas a valores e princ\u00edpios \u00e9ticos, morais e legais, constituindo uma cultura focada na honestidade, na imparcialidade e na confian\u00e7a.<\/p>\n<p>&nbsp;<\/p>\n<p style=\"text-align: justify;\"><strong>Integridade p\u00fablica<\/strong><\/p>\n<p style=\"text-align: justify;\">Alinhamento e ades\u00e3o a valores, princ\u00edpios e normas para sustentar e priorizar o interesse p\u00fablico em rela\u00e7\u00e3o ao interesse privado no setor p\u00fablico.<\/p>\n<p>&nbsp;<\/p>\n<p style=\"text-align: justify;\"><strong>Compliance<\/strong><\/p>\n<p style=\"text-align: justify;\">\u00c0 identifica\u00e7\u00e3o, ao enquadramento e \u00e0 manuten\u00e7\u00e3o da conformidade legal e regulat\u00f3ria, consolidando-se por meio da institui\u00e7\u00e3o de atos e procedimentos que tenham como atributos a clareza, a objetividade e a probidade.<\/p>\n<p>&nbsp;<\/p>\n<p style=\"text-align: justify;\"><strong>Risco<\/strong><\/p>\n<p style=\"text-align: justify;\">Efeito da incerteza nos objetivos a serem atingidos pela institui\u00e7\u00e3o.<\/p>\n<p>&nbsp;<\/p>\n<p style=\"text-align: justify;\"><strong>Risco de Integridade<\/strong><\/p>\n<p style=\"text-align: justify;\">Riscos decorrentes da n\u00e3o ader\u00eancia aos valores, princ\u00edpios e normas \u00e9ticas da institui\u00e7\u00e3o, principalmente \u00e0queles ligados a fraudes e a atos de corrup\u00e7\u00e3o.<\/p>\n","protected":false},"excerpt":{"rendered":"<p>&nbsp; Apresentamos abaixo os principais conceitos utilizados sobre Programa de integridade. &nbsp; Pol\u00edtica de Integridade Declara\u00e7\u00e3o das inten\u00e7\u00f5es e diretrizes gerais de uma organiza\u00e7\u00e3o relacionadas \u00e0 Integridade P\u00fablica. &nbsp; Governan\u00e7a p\u00fablica Conjunto de mecanismos de lideran\u00e7a, estrat\u00e9gia e controle postos em pr\u00e1tica para avaliar, direcionar e monitorar a gest\u00e3o, com vistas \u00e0 condu\u00e7\u00e3o de pol\u00edticas [&hellip;]<\/p>\n","protected":false},"author":1,"featured_media":0,"parent":0,"menu_order":0,"comment_status":"closed","ping_status":"closed","template":"","meta":[],"acf":[],"_links":{"self":[{"href":"http:\/\/www.gestaoderiscos.cg.df.gov.br\/index.php\/wp-json\/wp\/v2\/pages\/15645"}],"collection":[{"href":"http:\/\/www.gestaoderiscos.cg.df.gov.br\/index.php\/wp-json\/wp\/v2\/pages"}],"about":[{"href":"http:\/\/www.gestaoderiscos.cg.df.gov.br\/index.php\/wp-json\/wp\/v2\/types\/page"}],"author":[{"embeddable":true,"href":"http:\/\/www.gestaoderiscos.cg.df.gov.br\/index.php\/wp-json\/wp\/v2\/users\/1"}],"replies":[{"embeddable":true,"href":"http:\/\/www.gestaoderiscos.cg.df.gov.br\/index.php\/wp-json\/wp\/v2\/comments?post=15645"}],"version-history":[{"count":11,"href":"http:\/\/www.gestaoderiscos.cg.df.gov.br\/index.php\/wp-json\/wp\/v2\/pages\/15645\/revisions"}],"predecessor-version":[{"id":16182,"href":"http:\/\/www.gestaoderiscos.cg.df.gov.br\/index.php\/wp-json\/wp\/v2\/pages\/15645\/revisions\/16182"}],"wp:attachment":[{"href":"http:\/\/www.gestaoderiscos.cg.df.gov.br\/index.php\/wp-json\/wp\/v2\/media?parent=15645"}],"curies":[{"name":"wp","href":"https:\/\/api.w.org\/{rel}","templated":true}]}}