{"id":15790,"date":"2022-01-28T11:31:37","date_gmt":"2022-01-28T13:31:37","guid":{"rendered":"http:\/\/www.portalriscos.df.gov.br\/?page_id=15790"},"modified":"2022-03-21T16:03:57","modified_gmt":"2022-03-21T19:03:57","slug":"avaliacao-de-riscos","status":"publish","type":"page","link":"http:\/\/www.gestaoderiscos.cg.df.gov.br\/index.php\/implantandogr\/avaliacao-de-riscos\/","title":{"rendered":"Avalia\u00e7\u00e3o de Riscos"},"content":{"rendered":"<p>&nbsp;<\/p>\n<p style=\"text-align: justify;\">A etapa de avalia\u00e7\u00e3o de riscos definida na norma ABNT NBR ISO 31000:2018 \u00e9 composta por tr\u00eas atividades: <strong>identifica\u00e7\u00e3o, an\u00e1lise e avalia\u00e7\u00e3o de riscos<\/strong>.<\/p>\n<p>&nbsp;<\/p>\n<p style=\"text-align: justify;\">Denominada <strong>identifica\u00e7\u00e3o de riscos<\/strong>, a primeira atividade tem como objetivo&nbsp;<strong>encontrar, reconhecer e descrever os eventos de riscos que possam ajudar (riscos positivos)&nbsp;ou impedir (riscos negativos) que as \u00e1reas escopo alcancem seus objetivos<\/strong>. Durante a execu\u00e7\u00e3o desse passo pode-se utilizar algumas t\u00e9cnicas previstas na norma ABNT NBR ISO 31010:20021.<\/p>\n<p>&nbsp;<\/p>\n<p style=\"text-align: justify;\">O prop\u00f3sito da <strong>an\u00e1lise de riscos<\/strong> \u00e9 <strong>compreender a natureza do risco e suas&nbsp;caracter\u00edsticas (causas, \u00e1reas impactadas, gerente do risco, consequ\u00eancias e probabilidades,&nbsp;dentre outras)<\/strong>. Um exemplo de classifica\u00e7\u00e3o dos n\u00edveis de&nbsp;consequ\u00eancia e probabilidade utilizando 05 graus \u00e9 apresentado a seguir.<\/p>\n<p>&nbsp;<\/p>\n<p><img decoding=\"async\" loading=\"lazy\" class=\"aligncenter wp-image-15721\" src=\"http:\/\/www.portalriscos.df.gov.br\/wp-content\/uploads\/2022\/01\/Escala-probabilidade-1-300x56.png\" alt=\"\" width=\"650\" height=\"122\" srcset=\"http:\/\/www.gestaoderiscos.cg.df.gov.br\/wp-content\/uploads\/2022\/01\/Escala-probabilidade-1-300x56.png 300w, http:\/\/www.gestaoderiscos.cg.df.gov.br\/wp-content\/uploads\/2022\/01\/Escala-probabilidade-1-768x145.png 768w, http:\/\/www.gestaoderiscos.cg.df.gov.br\/wp-content\/uploads\/2022\/01\/Escala-probabilidade-1.png 1015w\" sizes=\"(max-width: 650px) 100vw, 650px\" \/><\/p>\n<p style=\"text-align: center;\">&nbsp; &nbsp; &nbsp; &nbsp; &nbsp; &nbsp; &nbsp; &nbsp; &nbsp;<span style=\"font-size: 10pt;\">Exemplo de escala de probabilidades<\/span><\/p>\n<p>&nbsp;<\/p>\n<p><img decoding=\"async\" loading=\"lazy\" class=\"wp-image-15720 aligncenter\" src=\"http:\/\/www.portalriscos.df.gov.br\/wp-content\/uploads\/2022\/01\/Escala-impacto-1-300x119.png\" alt=\"\" width=\"650\" height=\"259\" srcset=\"http:\/\/www.gestaoderiscos.cg.df.gov.br\/wp-content\/uploads\/2022\/01\/Escala-impacto-1-300x119.png 300w, http:\/\/www.gestaoderiscos.cg.df.gov.br\/wp-content\/uploads\/2022\/01\/Escala-impacto-1-768x306.png 768w, http:\/\/www.gestaoderiscos.cg.df.gov.br\/wp-content\/uploads\/2022\/01\/Escala-impacto-1.png 1005w\" sizes=\"(max-width: 650px) 100vw, 650px\" \/><\/p>\n<p style=\"text-align: center;\"><span style=\"font-size: 10pt;\">Exemplo de escala de impacto<\/span><\/p>\n<p>&nbsp;<\/p>\n<p style=\"text-align: justify;\">No exemplo apresentado anteriormente a combina\u00e7\u00e3o dos par\u00e2metros acima descritos resulta em 04 n\u00edveis de riscos categorizados como: baixo, m\u00e9dio, alto e extremos.<\/p>\n<p>&nbsp;<\/p>\n<p><img decoding=\"async\" loading=\"lazy\" class=\"aligncenter wp-image-15716\" src=\"http:\/\/www.portalriscos.df.gov.br\/wp-content\/uploads\/2022\/01\/Matriz-de-Riscos-2-300x127.png\" alt=\"\" width=\"650\" height=\"275\" srcset=\"http:\/\/www.gestaoderiscos.cg.df.gov.br\/wp-content\/uploads\/2022\/01\/Matriz-de-Riscos-2-300x127.png 300w, http:\/\/www.gestaoderiscos.cg.df.gov.br\/wp-content\/uploads\/2022\/01\/Matriz-de-Riscos-2-768x325.png 768w, http:\/\/www.gestaoderiscos.cg.df.gov.br\/wp-content\/uploads\/2022\/01\/Matriz-de-Riscos-2.png 1195w\" sizes=\"(max-width: 650px) 100vw, 650px\" \/><\/p>\n<p style=\"text-align: center;\"><span style=\"font-size: 10pt;\">Exemplo de Matriz de Riscos (positivos e negativos)<\/span><\/p>\n<p>&nbsp;<\/p>\n<p style=\"text-align: justify;\">A \u00faltima atividades prevista nessa etapa do processo de implanta\u00e7\u00e3o, denominada <strong>avalia\u00e7\u00e3o de riscos<\/strong>, busca dar apoio \u00e0s&nbsp;decis\u00f5es. Envolve executar a&nbsp;<strong>compara\u00e7\u00e3o dos resultados obtidos na etapa de an\u00e1lise dos&nbsp;riscos<\/strong> <strong>com os crit\u00e9rios estabelecidos no documento Estabelecimento do Escopo, Contexto&nbsp;e Crit\u00e9rio<\/strong>&nbsp;a fim de determinar as a\u00e7\u00f5es necess\u00e1rias, como:<\/p>\n<p style=\"text-align: justify; padding-left: 30px;\">a) N\u00e3o fazer nada;<\/p>\n<p style=\"text-align: justify; padding-left: 30px;\">b) Considerar as op\u00e7\u00f5es&nbsp;de tratamento;<\/p>\n<p style=\"text-align: justify; padding-left: 30px;\">c) Realizar an\u00e1lises adicionais do evento de risco;<\/p>\n<p style=\"text-align: justify; padding-left: 30px;\">d) Manter os controles&nbsp;existentes ou<\/p>\n<p style=\"text-align: justify; padding-left: 30px;\">e) Reconsiderar os objetivos.<\/p>\n<p>&nbsp;<\/p>\n<p><a class=\"fasc-button fasc-size-medium fasc-type-glossy fasc-rounded-medium fasc-ico-before dashicons-format-aside\" style=\"background-color: #4079bc; color: #ffffff;\" target=\"_blank\" href=\"http:\/\/www.gestaoderiscos.cg.df.gov.br\/wp-content\/uploads\/2022\/01\/Modelo-de-artefato-Matriz-de-Riscos-para-Gest\u00e3o-de-Riscos.xlsx\">Modelo de Matriz de Riscos<\/a><\/p>\n<p><a class=\"fasc-button fasc-size-medium fasc-type-glossy fasc-rounded-medium fasc-ico-before dashicons-format-aside\" style=\"background-color: #4079bc; color: #ffffff;\" target=\"_blank\" rel=\"noopener\" href=\"http:\/\/www.gestaoderiscos.cg.df.gov.br\/wp-content\/uploads\/2020\/05\/Modelo-Matriz-de-Riscos-de-Contrata\u00e7\u00f5es-e-Aquisi\u00e7\u00f5es-MRCA.pdf\">Modelo de Matriz de Riscos de Contrata\u00e7\u00f5es e Aquisi\u00e7\u00f5es &#8211; MRCA<\/a>&nbsp;<\/p>\n<p><span style=\"font-size: 8pt;\">Clique nos bot\u00f5es para acessar os modelos<\/span><\/p>\n<p>&nbsp;<\/p>\n<p>&nbsp;<\/p>\n<p>Refer\u00eancias Bibliogr\u00e1ficas:<\/p>\n<p><span style=\"font-size: 10pt;\">ASSOCIA\u00c7\u00c3O BRASILEIRA DE NORMAS T\u00c9CNICAS.&nbsp;NBR ISO 31000:2018 &#8211; Gest\u00e3o de Riscos: Princ\u00edpios e Diretrizes.&nbsp;ABNT. 2018.<\/span><\/p>\n<p><span style=\"font-size: 10pt;\">ASSOCIA\u00c7\u00c3O BRASILEIRA DE NORMAS T\u00c9CNICAS. NBR IEC 31010:2021 &#8211; Gest\u00e3o de Riscos &#8211;&nbsp;<em>T\u00e9cnicas para o processo de avalia\u00e7\u00e3o de riscos<\/em>.&nbsp;ABNT. 2021.<\/span><\/p>\n","protected":false},"excerpt":{"rendered":"<p>&nbsp; A etapa de avalia\u00e7\u00e3o de riscos definida na norma ABNT NBR ISO 31000:2018 \u00e9 composta por tr\u00eas atividades: identifica\u00e7\u00e3o, an\u00e1lise e avalia\u00e7\u00e3o de riscos. &nbsp; Denominada identifica\u00e7\u00e3o de riscos, a primeira atividade tem como objetivo&nbsp;encontrar, reconhecer e descrever os eventos de riscos que possam ajudar (riscos positivos)&nbsp;ou impedir (riscos negativos) que as \u00e1reas escopo [&hellip;]<\/p>\n","protected":false},"author":1,"featured_media":0,"parent":15475,"menu_order":3,"comment_status":"closed","ping_status":"closed","template":"","meta":[],"acf":[],"_links":{"self":[{"href":"http:\/\/www.gestaoderiscos.cg.df.gov.br\/index.php\/wp-json\/wp\/v2\/pages\/15790"}],"collection":[{"href":"http:\/\/www.gestaoderiscos.cg.df.gov.br\/index.php\/wp-json\/wp\/v2\/pages"}],"about":[{"href":"http:\/\/www.gestaoderiscos.cg.df.gov.br\/index.php\/wp-json\/wp\/v2\/types\/page"}],"author":[{"embeddable":true,"href":"http:\/\/www.gestaoderiscos.cg.df.gov.br\/index.php\/wp-json\/wp\/v2\/users\/1"}],"replies":[{"embeddable":true,"href":"http:\/\/www.gestaoderiscos.cg.df.gov.br\/index.php\/wp-json\/wp\/v2\/comments?post=15790"}],"version-history":[{"count":17,"href":"http:\/\/www.gestaoderiscos.cg.df.gov.br\/index.php\/wp-json\/wp\/v2\/pages\/15790\/revisions"}],"predecessor-version":[{"id":16547,"href":"http:\/\/www.gestaoderiscos.cg.df.gov.br\/index.php\/wp-json\/wp\/v2\/pages\/15790\/revisions\/16547"}],"up":[{"embeddable":true,"href":"http:\/\/www.gestaoderiscos.cg.df.gov.br\/index.php\/wp-json\/wp\/v2\/pages\/15475"}],"wp:attachment":[{"href":"http:\/\/www.gestaoderiscos.cg.df.gov.br\/index.php\/wp-json\/wp\/v2\/media?parent=15790"}],"curies":[{"name":"wp","href":"https:\/\/api.w.org\/{rel}","templated":true}]}}