{"id":15792,"date":"2022-01-28T11:31:52","date_gmt":"2022-01-28T13:31:52","guid":{"rendered":"http:\/\/www.portalriscos.df.gov.br\/?page_id=15792"},"modified":"2022-03-17T17:14:02","modified_gmt":"2022-03-17T20:14:02","slug":"tratamento-dos-riscos","status":"publish","type":"page","link":"http:\/\/www.gestaoderiscos.cg.df.gov.br\/index.php\/implantandogr\/tratamento-dos-riscos\/","title":{"rendered":"Tratamento dos Riscos"},"content":{"rendered":"<p>&nbsp;<\/p>\n<p style=\"text-align: justify;\">A etapa de Tratamento dos Riscos tem como objetivo permitir a constru\u00e7\u00e3o do <strong>Plano de Implanta\u00e7\u00e3o das A\u00e7\u00f5es de Controle dos Riscos<\/strong> (ou Plano de&nbsp;A\u00e7\u00e3o).<\/p>\n<p>&nbsp;<\/p>\n<p style=\"text-align: justify;\">Trata-se de um <strong>documento<\/strong> que organiza as <strong>atividades a serem realizadas<\/strong> para a adequada&nbsp;<strong>implanta\u00e7\u00e3o dos controles previstos na Matriz de Riscos<\/strong>. Dessa forma, busca-se estabelecer o tratamento&nbsp;dos riscos, por meio de a\u00e7\u00f5es de car\u00e1ter imediato, curto, m\u00e9dio ou longo prazo, ou de&nbsp;aperfei\u00e7oamento cont\u00ednuo.<\/p>\n<p>&nbsp;<\/p>\n<p style=\"text-align: justify;\">Nesse sentido \u00e9 sempre bom lembrar que ABNT NBR ISO 31000\/2018 define &#8220;<strong>Controle<\/strong>&#8221; como <em>todo elemento que tenha a qualidade de <b>afetar<\/b> o risco de modo a <b>mitigar o seu impacto ou probabilidade<\/b>, no caso de risco negativo, ou de <b>potencializar o seu sucesso<\/b>, no caso de risco positivo<\/em>.<\/p>\n<p>&nbsp;<\/p>\n<p style=\"text-align: justify;\">Como exemplos de controle podemos citar um c<span style=\"font-size: 16px;\">onjunto de <\/span><b style=\"font-family: inherit; font-style: inherit;\">regras<\/b><span style=\"font-size: 16px;\">, <\/span><b style=\"font-family: inherit; font-style: inherit;\">procedimentos<\/b><span style=\"font-size: 16px;\">, <\/span><b style=\"font-family: inherit; font-style: inherit;\">diretrizes<\/b><span style=\"font-size: 16px;\">, <\/span><b style=\"font-family: inherit; font-style: inherit;\">protocolos<\/b><span style=\"font-size: 16px;\">, <\/span><b style=\"font-family: inherit; font-style: inherit;\">rotinas<\/b><span style=\"font-size: 16px;\"> de <\/span><b style=\"font-family: inherit; font-style: inherit;\">sistemas<\/b><span style=\"font-size: 16px;\"> informatizados, confer\u00eancias e tr\u00e2mites de documentos e informa\u00e7\u00f5es, destinados a enfrentar os riscos e fornecer seguran\u00e7a razo\u00e1vel que os objetivos sejam alcan\u00e7ados.<\/span><\/p>\n<p>&nbsp;<\/p>\n<p><img decoding=\"async\" loading=\"lazy\" class=\"wp-image-15933 aligncenter\" src=\"http:\/\/www.portalriscos.df.gov.br\/wp-content\/uploads\/2022\/01\/Tratamento-300x208.png\" alt=\"\" width=\"650\" height=\"451\" srcset=\"http:\/\/www.gestaoderiscos.cg.df.gov.br\/wp-content\/uploads\/2022\/01\/Tratamento-300x208.png 300w, http:\/\/www.gestaoderiscos.cg.df.gov.br\/wp-content\/uploads\/2022\/01\/Tratamento-768x533.png 768w, http:\/\/www.gestaoderiscos.cg.df.gov.br\/wp-content\/uploads\/2022\/01\/Tratamento.png 953w\" sizes=\"(max-width: 650px) 100vw, 650px\" \/><\/p>\n<p>&nbsp;<\/p>\n<p style=\"text-align: justify;\">Por se tratar de um processo de car\u00e1ter <strong>iterativo<\/strong>, recomenda-se sempre que a sele\u00e7\u00e3o do(s) melhor(es) tratamento(s) envolva uma avalia\u00e7\u00e3o criteriosa de <b>custo\/ benef\u00edcio<\/b>, al\u00e9m dos impactos de sua implanta\u00e7\u00e3o (gera\u00e7\u00e3o de novos eventos de riscos, por exemplo).<\/p>\n<p>&nbsp;<\/p>\n<p style=\"text-align: justify;\">Um dos modelos adotados como proposta de Plano de Implementa\u00e7\u00e3o de A\u00e7\u00f5es de Controle utiliza da&nbsp;<strong>metodologia 5W2H<\/strong>.<\/p>\n<p>&nbsp;<\/p>\n<p><a class=\"fasc-button fasc-size-medium fasc-type-glossy fasc-rounded-medium fasc-ico-before dashicons-format-aside\" style=\"background-color: #4079bc; color: #ffffff;\" href=\"http:\/\/www.gestaoderiscos.cg.df.gov.br\/wp-content\/uploads\/2022\/01\/Modelo-de-artefato-Plano-de-A\u00e7\u00e3o-para-Gest\u00e3o-de-Riscos.xlsx\">Modelo de Plano de Tratamento de Riscos (Plano de a\u00e7\u00e3o)<\/a><\/p>\n<p><span style=\"font-size: 8pt;\">Clique no bot\u00e3o para acessar o modelo de documento<\/span><\/p>\n<p>&nbsp;<\/p>\n<p>&nbsp;<\/p>\n<p>Refer\u00eancia Bibliogr\u00e1fica:<\/p>\n<p><span style=\"font-size: 10pt;\">ASSOCIA\u00c7\u00c3O BRASILEIRA DE NORMAS T\u00c9CNICAS.&nbsp;NBR ISO 31000:2018 &#8211; Gest\u00e3o de Riscos: Princ\u00edpios e Diretrizes.&nbsp;ABNT. 2018.<\/span><\/p>\n","protected":false},"excerpt":{"rendered":"<p>&nbsp; A etapa de Tratamento dos Riscos tem como objetivo permitir a constru\u00e7\u00e3o do Plano de Implanta\u00e7\u00e3o das A\u00e7\u00f5es de Controle dos Riscos (ou Plano de&nbsp;A\u00e7\u00e3o). &nbsp; Trata-se de um documento que organiza as atividades a serem realizadas para a adequada&nbsp;implanta\u00e7\u00e3o dos controles previstos na Matriz de Riscos. Dessa forma, busca-se estabelecer o tratamento&nbsp;dos riscos, [&hellip;]<\/p>\n","protected":false},"author":1,"featured_media":0,"parent":15475,"menu_order":4,"comment_status":"closed","ping_status":"closed","template":"","meta":[],"acf":[],"_links":{"self":[{"href":"http:\/\/www.gestaoderiscos.cg.df.gov.br\/index.php\/wp-json\/wp\/v2\/pages\/15792"}],"collection":[{"href":"http:\/\/www.gestaoderiscos.cg.df.gov.br\/index.php\/wp-json\/wp\/v2\/pages"}],"about":[{"href":"http:\/\/www.gestaoderiscos.cg.df.gov.br\/index.php\/wp-json\/wp\/v2\/types\/page"}],"author":[{"embeddable":true,"href":"http:\/\/www.gestaoderiscos.cg.df.gov.br\/index.php\/wp-json\/wp\/v2\/users\/1"}],"replies":[{"embeddable":true,"href":"http:\/\/www.gestaoderiscos.cg.df.gov.br\/index.php\/wp-json\/wp\/v2\/comments?post=15792"}],"version-history":[{"count":12,"href":"http:\/\/www.gestaoderiscos.cg.df.gov.br\/index.php\/wp-json\/wp\/v2\/pages\/15792\/revisions"}],"predecessor-version":[{"id":16505,"href":"http:\/\/www.gestaoderiscos.cg.df.gov.br\/index.php\/wp-json\/wp\/v2\/pages\/15792\/revisions\/16505"}],"up":[{"embeddable":true,"href":"http:\/\/www.gestaoderiscos.cg.df.gov.br\/index.php\/wp-json\/wp\/v2\/pages\/15475"}],"wp:attachment":[{"href":"http:\/\/www.gestaoderiscos.cg.df.gov.br\/index.php\/wp-json\/wp\/v2\/media?parent=15792"}],"curies":[{"name":"wp","href":"https:\/\/api.w.org\/{rel}","templated":true}]}}