{"id":15956,"date":"2022-02-01T08:25:22","date_gmt":"2022-02-01T10:25:22","guid":{"rendered":"http:\/\/www.portalriscos.df.gov.br\/?page_id=15956"},"modified":"2022-03-17T17:35:06","modified_gmt":"2022-03-17T20:35:06","slug":"lideranca-e-comprometimento-pi","status":"publish","type":"page","link":"http:\/\/www.gestaoderiscos.cg.df.gov.br\/index.php\/estrutura-integridade\/lideranca-e-comprometimento-pi\/","title":{"rendered":"Lideran\u00e7a e Comprometimento (PI)"},"content":{"rendered":"<p>&nbsp;<\/p>\n<p style=\"text-align: justify;\">O Decreto n\u00ba 39.736\/2019, que disp\u00f5e sobre a Pol\u00edtica de Governan\u00e7a P\u00fablica e Compliance no \u00e2mbito da Administra\u00e7\u00e3o Direta, Aut\u00e1rquica e Fundacional do Poder Executivo do Distrito Federal estabelece como um dos eixos da institui\u00e7\u00e3o do programa integridade o <strong>comprometimento e apoio permanente da alta administra\u00e7\u00e3o<\/strong> (inciso I, artigo 21).<\/p>\n<p>&nbsp;<\/p>\n<p style=\"text-align: justify;\">A demonstra\u00e7\u00e3o de apoio, lideran\u00e7a e comprometimento, assim como no caso da gest\u00e3o de riscos, pode ser realizada por meio de a\u00e7\u00f5es que assegurem que os recursos necess\u00e1rios sejam alocados para o estabelecimento, implementa\u00e7\u00e3o, manuten\u00e7\u00e3o e melhoria cont\u00ednua dos programas de integridade.<\/p>\n<p>&nbsp;<\/p>\n<p style=\"text-align: justify;\">Dentre outras a\u00e7\u00f5es pr\u00e1ticas, poder\u00edamos citar como exemplo a&nbsp;<strong>publica\u00e7\u00e3o de uma declara\u00e7\u00e3o ou pol\u00edtica<\/strong> que estabele\u00e7a uma abordagem sobre o tema integridade, a <strong>atribui\u00e7\u00e3o de autoridades, responsabilidades<\/strong> e responsabiliza\u00e7\u00e3o nos n\u00edveis apropriados dentro da&nbsp;organiza\u00e7\u00e3o e a&nbsp;<strong>defini\u00e7\u00e3o de unidade respons\u00e1vel pela implementa\u00e7\u00e3o e acompanhamento do programa<\/strong> no \u00f3rg\u00e3o ou entidade.<\/p>\n<p>&nbsp;<\/p>\n<p style=\"text-align: justify; padding-left: 30px;\"><em>Art. 21. Os \u00f3rg\u00e3os e as entidades da administra\u00e7\u00e3o direta, aut\u00e1rquica e fundacional do Poder Executivo do Distrito Federal devem instituir programa de integridade com o objetivo de adotar medidas destinadas \u00e0 preven\u00e7\u00e3o, \u00e0 detec\u00e7\u00e3o e \u00e0 puni\u00e7\u00e3o de fraudes e atos de corrup\u00e7\u00e3o, estruturado nos seguintes eixos:<\/em><\/p>\n<p style=\"text-align: justify; padding-left: 30px;\"><em>I &#8211; comprometimento e apoio permanente da alta administra\u00e7\u00e3o;<\/em><\/p>\n<p style=\"text-align: justify; padding-left: 30px;\"><em>II &#8211; defini\u00e7\u00e3o de unidade respons\u00e1vel pela implementa\u00e7\u00e3o e acompanhamento do programa no \u00f3rg\u00e3o ou entidade, sem preju\u00edzo das demais atividades nela exercidas;<\/em><\/p>\n<p style=\"text-align: justify; padding-left: 30px;\"><em>III &#8211; identifica\u00e7\u00e3o, an\u00e1lise, avalia\u00e7\u00e3o e tratamento de riscos de integridade sob orienta\u00e7\u00e3o t\u00e9cnica da Controladoria-Geral do Distrito Federal;<\/em><\/p>\n<p style=\"text-align: justify; padding-left: 30px;\"><em>IV &#8211; promo\u00e7\u00e3o de treinamentos e eventos que disseminem, incentivem e reconhe\u00e7am boas pr\u00e1ticas na gest\u00e3o p\u00fablica; e<\/em><\/p>\n<p style=\"text-align: justify; padding-left: 30px;\"><em>V &#8211; monitoramento cont\u00ednuo do programa de integridade por meio de indicadores.<\/em><\/p>\n<p style=\"padding-left: 30px;\">&nbsp;<\/p>\n<p><a href=\"http:\/\/www.sinj.df.gov.br\/sinj\/Norma\/5961832d2d6948a38fd8168088a7ed5b\/Decreto_39736_28_03_2019.html\">Decreto Distrital n\u00ba 39.736\/2019 &#8211;&nbsp;Disp\u00f5e sobre a Pol\u00edtica de Governan\u00e7a P\u00fablica e Compliance no \u00e2mbito da Administra\u00e7\u00e3o Direta, Aut\u00e1rquica e Fundacional do Poder Executivo do Distrito Federal.<\/a><\/p>\n<p>&nbsp;<\/p>\n<p><a class=\"fasc-button fasc-size-medium fasc-type-glossy fasc-rounded-medium fasc-ico-before dashicons-format-aside\" style=\"background-color: #4079bc; color: #ffffff;\" target=\"_blank\" href=\"http:\/\/www.gestaoderiscos.cg.df.gov.br\/wp-content\/uploads\/2022\/01\/Modelo-de-artefato-Pol\u00edtica-de-Integridade.pdf\">Modelo de Pol\u00edtica de Integridade<\/a><\/p>\n<p><span style=\"font-size: 8pt;\">Clique no bot\u00e3o e acesse o modelo<\/span><\/p>\n","protected":false},"excerpt":{"rendered":"<p>&nbsp; O Decreto n\u00ba 39.736\/2019, que disp\u00f5e sobre a Pol\u00edtica de Governan\u00e7a P\u00fablica e Compliance no \u00e2mbito da Administra\u00e7\u00e3o Direta, Aut\u00e1rquica e Fundacional do Poder Executivo do Distrito Federal estabelece como um dos eixos da institui\u00e7\u00e3o do programa integridade o comprometimento e apoio permanente da alta administra\u00e7\u00e3o (inciso I, artigo 21). &nbsp; A demonstra\u00e7\u00e3o de [&hellip;]<\/p>\n","protected":false},"author":1,"featured_media":0,"parent":15516,"menu_order":1,"comment_status":"closed","ping_status":"closed","template":"","meta":[],"acf":[],"_links":{"self":[{"href":"http:\/\/www.gestaoderiscos.cg.df.gov.br\/index.php\/wp-json\/wp\/v2\/pages\/15956"}],"collection":[{"href":"http:\/\/www.gestaoderiscos.cg.df.gov.br\/index.php\/wp-json\/wp\/v2\/pages"}],"about":[{"href":"http:\/\/www.gestaoderiscos.cg.df.gov.br\/index.php\/wp-json\/wp\/v2\/types\/page"}],"author":[{"embeddable":true,"href":"http:\/\/www.gestaoderiscos.cg.df.gov.br\/index.php\/wp-json\/wp\/v2\/users\/1"}],"replies":[{"embeddable":true,"href":"http:\/\/www.gestaoderiscos.cg.df.gov.br\/index.php\/wp-json\/wp\/v2\/comments?post=15956"}],"version-history":[{"count":9,"href":"http:\/\/www.gestaoderiscos.cg.df.gov.br\/index.php\/wp-json\/wp\/v2\/pages\/15956\/revisions"}],"predecessor-version":[{"id":16513,"href":"http:\/\/www.gestaoderiscos.cg.df.gov.br\/index.php\/wp-json\/wp\/v2\/pages\/15956\/revisions\/16513"}],"up":[{"embeddable":true,"href":"http:\/\/www.gestaoderiscos.cg.df.gov.br\/index.php\/wp-json\/wp\/v2\/pages\/15516"}],"wp:attachment":[{"href":"http:\/\/www.gestaoderiscos.cg.df.gov.br\/index.php\/wp-json\/wp\/v2\/media?parent=15956"}],"curies":[{"name":"wp","href":"https:\/\/api.w.org\/{rel}","templated":true}]}}