{"id":15960,"date":"2022-02-01T08:31:04","date_gmt":"2022-02-01T10:31:04","guid":{"rendered":"http:\/\/www.portalriscos.df.gov.br\/?page_id=15960"},"modified":"2022-03-17T17:36:59","modified_gmt":"2022-03-17T20:36:59","slug":"escopo-contexto-e-criterio-pi","status":"publish","type":"page","link":"http:\/\/www.gestaoderiscos.cg.df.gov.br\/index.php\/estrutura-integridade\/escopo-contexto-e-criterio-pi\/","title":{"rendered":"Escopo, Contexto e Crit\u00e9rio (PI)"},"content":{"rendered":"<p>&nbsp;<\/p>\n<p style=\"text-align: justify;\">Assim como no processo de implanta\u00e7\u00e3o da gest\u00e3o de riscos, a elabora\u00e7\u00e3o do \u201cEstabelecimento do Escopo, Contexto e Crit\u00e9rio\u201d servir\u00e1 como instrumento de diagn\u00f3stico situacional <strong>com foco no ambiente de integridade da organiza\u00e7\u00e3o <\/strong>(Escopo).<\/p>\n<p>&nbsp;<\/p>\n<p style=\"text-align: justify;\">Al\u00e9m da estar em alinhamento com a ABNT NBR ISO 31000\/2018, a constru\u00e7\u00e3o desse artefato atende outras normas que tratam do tema como a ABNT NBR ISO 37000\/2017 e ABNT NBR ISO 37301\/2021 que abordam os Sistemas de gest\u00e3o antissuborno e de gest\u00e3o de compliance, respectivamente.<\/p>\n<p>&nbsp;<\/p>\n<p><a class=\"fasc-button fasc-size-medium fasc-type-glossy fasc-rounded-medium fasc-ico-before dashicons-format-aside\" style=\"background-color: #4079bc; color: #ffffff;\" target=\"_blank\" rel=\"noopener\" href=\"http:\/\/www.gestaoderiscos.cg.df.gov.br\/wp-content\/uploads\/2022\/01\/Modelo-de-artefato-Estabelecimento-de-Escopo-Contexto-e-Crit\u00e9rio-para-Integridade.pdf\">Modelo de &#8220;Contexto de Integridade&#8221;<\/a><\/p>\n<p><span style=\"font-size: 8pt;\">Clique no bot\u00e3o e acesse o modelo<\/span><\/p>\n","protected":false},"excerpt":{"rendered":"<p>&nbsp; Assim como no processo de implanta\u00e7\u00e3o da gest\u00e3o de riscos, a elabora\u00e7\u00e3o do \u201cEstabelecimento do Escopo, Contexto e Crit\u00e9rio\u201d servir\u00e1 como instrumento de diagn\u00f3stico situacional com foco no ambiente de integridade da organiza\u00e7\u00e3o (Escopo). &nbsp; Al\u00e9m da estar em alinhamento com a ABNT NBR ISO 31000\/2018, a constru\u00e7\u00e3o desse artefato atende outras normas que [&hellip;]<\/p>\n","protected":false},"author":1,"featured_media":0,"parent":15516,"menu_order":2,"comment_status":"closed","ping_status":"closed","template":"","meta":[],"acf":[],"_links":{"self":[{"href":"http:\/\/www.gestaoderiscos.cg.df.gov.br\/index.php\/wp-json\/wp\/v2\/pages\/15960"}],"collection":[{"href":"http:\/\/www.gestaoderiscos.cg.df.gov.br\/index.php\/wp-json\/wp\/v2\/pages"}],"about":[{"href":"http:\/\/www.gestaoderiscos.cg.df.gov.br\/index.php\/wp-json\/wp\/v2\/types\/page"}],"author":[{"embeddable":true,"href":"http:\/\/www.gestaoderiscos.cg.df.gov.br\/index.php\/wp-json\/wp\/v2\/users\/1"}],"replies":[{"embeddable":true,"href":"http:\/\/www.gestaoderiscos.cg.df.gov.br\/index.php\/wp-json\/wp\/v2\/comments?post=15960"}],"version-history":[{"count":11,"href":"http:\/\/www.gestaoderiscos.cg.df.gov.br\/index.php\/wp-json\/wp\/v2\/pages\/15960\/revisions"}],"predecessor-version":[{"id":16515,"href":"http:\/\/www.gestaoderiscos.cg.df.gov.br\/index.php\/wp-json\/wp\/v2\/pages\/15960\/revisions\/16515"}],"up":[{"embeddable":true,"href":"http:\/\/www.gestaoderiscos.cg.df.gov.br\/index.php\/wp-json\/wp\/v2\/pages\/15516"}],"wp:attachment":[{"href":"http:\/\/www.gestaoderiscos.cg.df.gov.br\/index.php\/wp-json\/wp\/v2\/media?parent=15960"}],"curies":[{"name":"wp","href":"https:\/\/api.w.org\/{rel}","templated":true}]}}