{"id":15965,"date":"2022-02-01T08:58:06","date_gmt":"2022-02-01T10:58:06","guid":{"rendered":"http:\/\/www.portalriscos.df.gov.br\/?page_id=15965"},"modified":"2022-03-21T16:20:36","modified_gmt":"2022-03-21T19:20:36","slug":"avaliacao-de-riscos-pi","status":"publish","type":"page","link":"http:\/\/www.gestaoderiscos.cg.df.gov.br\/index.php\/estrutura-integridade\/avaliacao-de-riscos-pi\/","title":{"rendered":"Avalia\u00e7\u00e3o de Riscos (PI)"},"content":{"rendered":"<p>&nbsp;<\/p>\n<p style=\"text-align: justify;\">A elabora\u00e7\u00e3o da Matriz de Riscos de Integridade \u00e9 realizada nos mesmos moldes adotados&nbsp;na Gest\u00e3o de Riscos. <a href=\"http:\/\/www.gestaoderiscos.cg.df.gov.br\/index.php\/implantandogr\/avaliacao-de-riscos\/\"><span style=\"font-size: 8pt;\">Acesse aqui<\/span><\/a><\/p>\n<p>&nbsp;<\/p>\n<p>Como exemplos de desvios de integridade podemos citar:<\/p>\n<p style=\"padding-left: 30px;\">Abuso de posi\u00e7\u00e3o ou poder em favor de interesses privados;<br \/>\nComportar-se de forma incompat\u00edvel com a fun\u00e7\u00e3o p\u00fablica;<br \/>\nConflito de interesses;<br \/>\nExercer press\u00e3o externa ilegal ou anti\u00e9tica para influenciar agente p\u00fablico\/privado;<br \/>\nExercer press\u00e3o interna ilegal ou anti\u00e9tica para influenciar agente p\u00fablico\/privado;<br \/>\nNepotismo;<br \/>\nSolicita\u00e7\u00e3o ou recebimento de pagamento indevido;<br \/>\nUtiliza\u00e7\u00e3o de verbas e fundos p\u00fablicos em favor de interesses privados;<br \/>\nUtiliza\u00e7\u00e3o\/vazamento de informa\u00e7\u00e3o privilegiada\/restrita.<\/p>\n<p>&nbsp;<\/p>\n<p><a class=\"fasc-button fasc-size-medium fasc-type-glossy fasc-rounded-medium fasc-ico-before dashicons-format-aside\" style=\"background-color: #4079bc; color: #ffffff;\" target=\"_blank\" href=\"http:\/\/www.gestaoderiscos.cg.df.gov.br\/wp-content\/uploads\/2022\/02\/Modelo-de-Matriz-de-Riscos-Integridade.pdf\">Modelo de Matriz de Riscos de Integridade<\/a><\/p>\n<p><span style=\"font-size: 8pt;\">Clique no bot\u00e3o e acesse o modelo<\/span><\/p>\n","protected":false},"excerpt":{"rendered":"<p>&nbsp; A elabora\u00e7\u00e3o da Matriz de Riscos de Integridade \u00e9 realizada nos mesmos moldes adotados&nbsp;na Gest\u00e3o de Riscos. Acesse aqui &nbsp; Como exemplos de desvios de integridade podemos citar: Abuso de posi\u00e7\u00e3o ou poder em favor de interesses privados; Comportar-se de forma incompat\u00edvel com a fun\u00e7\u00e3o p\u00fablica; Conflito de interesses; Exercer press\u00e3o externa ilegal ou [&hellip;]<\/p>\n","protected":false},"author":1,"featured_media":0,"parent":15516,"menu_order":3,"comment_status":"closed","ping_status":"closed","template":"","meta":[],"acf":[],"_links":{"self":[{"href":"http:\/\/www.gestaoderiscos.cg.df.gov.br\/index.php\/wp-json\/wp\/v2\/pages\/15965"}],"collection":[{"href":"http:\/\/www.gestaoderiscos.cg.df.gov.br\/index.php\/wp-json\/wp\/v2\/pages"}],"about":[{"href":"http:\/\/www.gestaoderiscos.cg.df.gov.br\/index.php\/wp-json\/wp\/v2\/types\/page"}],"author":[{"embeddable":true,"href":"http:\/\/www.gestaoderiscos.cg.df.gov.br\/index.php\/wp-json\/wp\/v2\/users\/1"}],"replies":[{"embeddable":true,"href":"http:\/\/www.gestaoderiscos.cg.df.gov.br\/index.php\/wp-json\/wp\/v2\/comments?post=15965"}],"version-history":[{"count":14,"href":"http:\/\/www.gestaoderiscos.cg.df.gov.br\/index.php\/wp-json\/wp\/v2\/pages\/15965\/revisions"}],"predecessor-version":[{"id":16560,"href":"http:\/\/www.gestaoderiscos.cg.df.gov.br\/index.php\/wp-json\/wp\/v2\/pages\/15965\/revisions\/16560"}],"up":[{"embeddable":true,"href":"http:\/\/www.gestaoderiscos.cg.df.gov.br\/index.php\/wp-json\/wp\/v2\/pages\/15516"}],"wp:attachment":[{"href":"http:\/\/www.gestaoderiscos.cg.df.gov.br\/index.php\/wp-json\/wp\/v2\/media?parent=15965"}],"curies":[{"name":"wp","href":"https:\/\/api.w.org\/{rel}","templated":true}]}}