{"id":15979,"date":"2022-02-01T09:38:59","date_gmt":"2022-02-01T11:38:59","guid":{"rendered":"http:\/\/www.portalriscos.df.gov.br\/?page_id=15979"},"modified":"2022-03-21T16:42:45","modified_gmt":"2022-03-21T19:42:45","slug":"gerenciamento-do-pi","status":"publish","type":"page","link":"http:\/\/www.gestaoderiscos.cg.df.gov.br\/index.php\/estrutura-integridade\/gerenciamento-do-pi\/","title":{"rendered":"Gerenciamento do PI"},"content":{"rendered":"<p>&nbsp;<\/p>\n<p>Ainda dentro do processo de implanta\u00e7\u00e3o dos programas de integridade existem alguns pontos que s\u00e3o de fundamental import\u00e2ncia.<\/p>\n<p>&nbsp;<\/p>\n<p><strong>a) A\u00e7\u00f5es de Comunica\u00e7\u00e3o e Capacita\u00e7\u00e3o<\/strong><\/p>\n<p style=\"text-align: justify;\">Trata-se de uma etapa voltada \u00e0 prover orienta\u00e7\u00e3o da import\u00e2ncia e necessidade de a\u00e7\u00f5es voltadas \u00e0 promo\u00e7\u00e3o,&nbsp;treinamento, divulga\u00e7\u00e3o, dissemina\u00e7\u00e3o e conscientiza\u00e7\u00e3o dos servidores sobre o tema Programa&nbsp;de Integridade.<\/p>\n<p>&nbsp;<\/p>\n<p style=\"text-align: justify;\">Essa premissa \u00e9 considerada pelo Decreto de Governan\u00e7a P\u00fablica (n\u00ba 39.736\/2019) um dos eixos do programa de integridade.<\/p>\n<p>&nbsp;<\/p>\n<p style=\"text-align: justify;\"><em>Art. 21. Os \u00f3rg\u00e3os e as entidades da administra\u00e7\u00e3o direta, aut\u00e1rquica e fundacional do&nbsp;Poder Executivo do Distrito Federal devem instituir programa de integridade com o&nbsp;objetivo de adotar medidas destinadas \u00e0 preven\u00e7\u00e3o, \u00e0 detec\u00e7\u00e3o e \u00e0 puni\u00e7\u00e3o de fraudes e&nbsp;atos de corrup\u00e7\u00e3o, estruturado nos seguintes eixos: IV &#8211; promo\u00e7\u00e3o de treinamentos e&nbsp;eventos que disseminem, incentivem e reconhe\u00e7am boas pr\u00e1ticas na gest\u00e3o p\u00fablica.<\/em><\/p>\n<p>&nbsp;<\/p>\n<p><strong>b) Gerenciamento do Programa de Integridade<\/strong><\/p>\n<p style=\"text-align: justify;\">Tem como objetivo garantir que as informa\u00e7\u00f5es sejam formalizadas, comunicadas e utilizadas durante a tomada de decis\u00e3o das organiza\u00e7\u00f5es.&nbsp;Nesse sentido \u00e9 importante que as organiza\u00e7\u00f5es&nbsp;<strong>elaborem, formalizem e capacitem seus servidores<\/strong>&nbsp;nos fluxos e procedimentos definidos para registro, relato monitoramento e an\u00e1lise cr\u00edtica de seu programa de integridade.<\/p>\n<p>&nbsp;<\/p>\n<p style=\"text-align: justify;\">Nesse processo destaca-se o papel fundamental da <strong>unidade respons\u00e1vel<\/strong> pela implementa\u00e7\u00e3o e acompanhamento do programa no \u00f3rg\u00e3o ou entidade.<\/p>\n<p>&nbsp;<\/p>\n<p><img decoding=\"async\" loading=\"lazy\" class=\"aligncenter wp-image-15982\" src=\"http:\/\/www.portalriscos.df.gov.br\/wp-content\/uploads\/2022\/02\/Gerenciamento-PI-300x290.png\" alt=\"\" width=\"500\" height=\"484\" srcset=\"http:\/\/www.gestaoderiscos.cg.df.gov.br\/wp-content\/uploads\/2022\/02\/Gerenciamento-PI-300x290.png 300w, http:\/\/www.gestaoderiscos.cg.df.gov.br\/wp-content\/uploads\/2022\/02\/Gerenciamento-PI.png 733w\" sizes=\"(max-width: 500px) 100vw, 500px\" \/><\/p>\n<p>&nbsp;<\/p>\n<p>&nbsp;<\/p>\n<p><a class=\"fasc-button fasc-size-medium fasc-type-glossy fasc-rounded-medium fasc-ico-before dashicons-format-aside\" style=\"background-color: #4079bc; color: #ffffff;\" target=\"_blank\" rel=\"noopener\" href=\"http:\/\/www.gestaoderiscos.cg.df.gov.br\/wp-content\/uploads\/2022\/03\/Modelo-de-artefato-Relat\u00f3rio-de-Gerenciamento-de-Riscos-1-1.pdf\">Modelo de Relat\u00f3rio de Gerenciamento de Riscos de Integridade<\/a><\/p>\n<p><span style=\"font-size: 8pt;\">Clique no bot\u00e3o e acesse o modelo<\/span><\/p>\n<p>&nbsp;<\/p>\n<p style=\"text-align: justify;\">No caso das consultorias realizadas, as Unidades podem utilizar a solu\u00e7\u00e3o tecnol\u00f3gica desenvolvida pela pr\u00f3pria CGDF para o gerenciamento dos riscos,&nbsp;o <a href=\"http:\/\/www.gestaoderiscos.cg.df.gov.br\/index.php\/sistema-saeweb\/\">Sistema de Gest\u00e3o de Auditoria do Distrito Federal &#8211; SAEWEB<\/a>.<\/p>\n<p>&nbsp;<\/p>\n<div class=\"su-image-carousel  su-image-carousel-has-spacing su-image-carousel-has-outline su-image-carousel-adaptive su-image-carousel-slides-style-photo su-image-carousel-controls-style-dark su-image-carousel-align-center\" style=\"\" data-flickity-options='{\"groupCells\":true,\"cellSelector\":\".su-image-carousel-item\",\"adaptiveHeight\":true,\"cellAlign\":\"left\",\"prevNextButtons\":true,\"pageDots\":true,\"autoPlay\":4000,\"imagesLoaded\":true,\"contain\":false,\"selectedAttraction\":0.025,\"friction\":0.28}' id=\"su_image_carousel_69da232bac77f\"><div class=\"su-image-carousel-item\"><div class=\"su-image-carousel-item-content\"><img width=\"1915\" height=\"867\" src=\"http:\/\/www.gestaoderiscos.cg.df.gov.br\/wp-content\/uploads\/2020\/05\/SAEWEB-1.png\" class=\"\" alt=\"\" decoding=\"async\" loading=\"lazy\" srcset=\"http:\/\/www.gestaoderiscos.cg.df.gov.br\/wp-content\/uploads\/2020\/05\/SAEWEB-1.png 1915w, http:\/\/www.gestaoderiscos.cg.df.gov.br\/wp-content\/uploads\/2020\/05\/SAEWEB-1-300x136.png 300w, http:\/\/www.gestaoderiscos.cg.df.gov.br\/wp-content\/uploads\/2020\/05\/SAEWEB-1-768x348.png 768w\" sizes=\"(max-width: 1915px) 100vw, 1915px\" \/><\/div><\/div><div class=\"su-image-carousel-item\"><div class=\"su-image-carousel-item-content\"><img width=\"1922\" height=\"869\" src=\"http:\/\/www.gestaoderiscos.cg.df.gov.br\/wp-content\/uploads\/2022\/01\/SAEWEB-3-2.png\" class=\"\" alt=\"\" decoding=\"async\" loading=\"lazy\" srcset=\"http:\/\/www.gestaoderiscos.cg.df.gov.br\/wp-content\/uploads\/2022\/01\/SAEWEB-3-2.png 1922w, http:\/\/www.gestaoderiscos.cg.df.gov.br\/wp-content\/uploads\/2022\/01\/SAEWEB-3-2-300x136.png 300w, http:\/\/www.gestaoderiscos.cg.df.gov.br\/wp-content\/uploads\/2022\/01\/SAEWEB-3-2-768x347.png 768w, http:\/\/www.gestaoderiscos.cg.df.gov.br\/wp-content\/uploads\/2022\/01\/SAEWEB-3-2-1920x868.png 1920w\" sizes=\"(max-width: 1922px) 100vw, 1922px\" \/><\/div><\/div><div class=\"su-image-carousel-item\"><div class=\"su-image-carousel-item-content\"><img width=\"1919\" height=\"863\" src=\"http:\/\/www.gestaoderiscos.cg.df.gov.br\/wp-content\/uploads\/2020\/05\/SAEWEB-2.png\" class=\"\" alt=\"\" decoding=\"async\" loading=\"lazy\" srcset=\"http:\/\/www.gestaoderiscos.cg.df.gov.br\/wp-content\/uploads\/2020\/05\/SAEWEB-2.png 1919w, http:\/\/www.gestaoderiscos.cg.df.gov.br\/wp-content\/uploads\/2020\/05\/SAEWEB-2-300x135.png 300w, http:\/\/www.gestaoderiscos.cg.df.gov.br\/wp-content\/uploads\/2020\/05\/SAEWEB-2-768x345.png 768w\" sizes=\"(max-width: 1919px) 100vw, 1919px\" \/><\/div><\/div><div class=\"su-image-carousel-item\"><div class=\"su-image-carousel-item-content\"><img width=\"1918\" height=\"867\" src=\"http:\/\/www.gestaoderiscos.cg.df.gov.br\/wp-content\/uploads\/2022\/01\/SAEWEB-4.png\" class=\"\" alt=\"\" decoding=\"async\" loading=\"lazy\" srcset=\"http:\/\/www.gestaoderiscos.cg.df.gov.br\/wp-content\/uploads\/2022\/01\/SAEWEB-4.png 1918w, http:\/\/www.gestaoderiscos.cg.df.gov.br\/wp-content\/uploads\/2022\/01\/SAEWEB-4-300x136.png 300w, http:\/\/www.gestaoderiscos.cg.df.gov.br\/wp-content\/uploads\/2022\/01\/SAEWEB-4-768x347.png 768w\" sizes=\"(max-width: 1918px) 100vw, 1918px\" \/><\/div><\/div><\/div><script id=\"su_image_carousel_69da232bac77f_script\">if(window.SUImageCarousel){setTimeout(function() {window.SUImageCarousel.initGallery(document.getElementById(\"su_image_carousel_69da232bac77f\"))}, 0);}var su_image_carousel_69da232bac77f_script=document.getElementById(\"su_image_carousel_69da232bac77f_script\");if(su_image_carousel_69da232bac77f_script){su_image_carousel_69da232bac77f_script.parentNode.removeChild(su_image_carousel_69da232bac77f_script);}<\/script>\n<p>&nbsp;<\/p>\n<p style=\"text-align: center;\"><a href=\"http:\/\/www.gestaoderiscos.cg.df.gov.br\/index.php\/sistema-saeweb\/\"><span style=\"font-size: 10pt;\">Tela do sistema SAEWEB<\/span><\/a><\/p>\n<p>&nbsp;<\/p>\n<p><strong>c) Monitoramento e An\u00e1lise Cr\u00edtica<\/strong><\/p>\n<p style=\"text-align: justify;\">Outro eixo previsto no Decreto de Governan\u00e7a.<\/p>\n<p>&nbsp;<\/p>\n<p style=\"text-align: justify;\"><em>Art. 21. Os \u00f3rg\u00e3os e as entidades da administra\u00e7\u00e3o direta, aut\u00e1rquica e fundacional do&nbsp;Poder Executivo do Distrito Federal devem instituir programa de integridade com o&nbsp;objetivo de adotar medidas destinadas \u00e0 preven\u00e7\u00e3o, \u00e0 detec\u00e7\u00e3o e \u00e0 puni\u00e7\u00e3o de fraudes e&nbsp;atos de corrup\u00e7\u00e3o, estruturado nos seguintes eixos: V &#8211;&nbsp;monitoramento cont\u00ednuo do programa de integridade por meio de indicadores.<\/em><\/p>\n<p>&nbsp;<\/p>\n<p><a class=\"fasc-button fasc-size-medium fasc-type-glossy fasc-rounded-medium fasc-ico-before dashicons-format-aside\" style=\"background-color: #4079bc; color: #ffffff;\" target=\"_blank\" rel=\"noopener\" href=\"http:\/\/www.gestaoderiscos.cg.df.gov.br\/wp-content\/uploads\/2022\/01\/Modelo-de-artefato-Acompanhamento-da-\u00c1rea-T\u00e1tica-da-Implanta\u00e7\u00e3o-para-Integridade.pdf\">Modelo Relat\u00f3rio de Acompanhamento do Programa de Integridade (\u00c1rea t\u00e1tica)<\/a><\/p>\n<p><span style=\"font-size: 8pt;\">Clique no bot\u00e3o e acesse o modelo<\/span><\/p>\n","protected":false},"excerpt":{"rendered":"<p>&nbsp; Ainda dentro do processo de implanta\u00e7\u00e3o dos programas de integridade existem alguns pontos que s\u00e3o de fundamental import\u00e2ncia. &nbsp; a) A\u00e7\u00f5es de Comunica\u00e7\u00e3o e Capacita\u00e7\u00e3o Trata-se de uma etapa voltada \u00e0 prover orienta\u00e7\u00e3o da import\u00e2ncia e necessidade de a\u00e7\u00f5es voltadas \u00e0 promo\u00e7\u00e3o,&nbsp;treinamento, divulga\u00e7\u00e3o, dissemina\u00e7\u00e3o e conscientiza\u00e7\u00e3o dos servidores sobre o tema Programa&nbsp;de Integridade. &nbsp; [&hellip;]<\/p>\n","protected":false},"author":1,"featured_media":0,"parent":15516,"menu_order":5,"comment_status":"closed","ping_status":"closed","template":"","meta":[],"acf":[],"_links":{"self":[{"href":"http:\/\/www.gestaoderiscos.cg.df.gov.br\/index.php\/wp-json\/wp\/v2\/pages\/15979"}],"collection":[{"href":"http:\/\/www.gestaoderiscos.cg.df.gov.br\/index.php\/wp-json\/wp\/v2\/pages"}],"about":[{"href":"http:\/\/www.gestaoderiscos.cg.df.gov.br\/index.php\/wp-json\/wp\/v2\/types\/page"}],"author":[{"embeddable":true,"href":"http:\/\/www.gestaoderiscos.cg.df.gov.br\/index.php\/wp-json\/wp\/v2\/users\/1"}],"replies":[{"embeddable":true,"href":"http:\/\/www.gestaoderiscos.cg.df.gov.br\/index.php\/wp-json\/wp\/v2\/comments?post=15979"}],"version-history":[{"count":21,"href":"http:\/\/www.gestaoderiscos.cg.df.gov.br\/index.php\/wp-json\/wp\/v2\/pages\/15979\/revisions"}],"predecessor-version":[{"id":16567,"href":"http:\/\/www.gestaoderiscos.cg.df.gov.br\/index.php\/wp-json\/wp\/v2\/pages\/15979\/revisions\/16567"}],"up":[{"embeddable":true,"href":"http:\/\/www.gestaoderiscos.cg.df.gov.br\/index.php\/wp-json\/wp\/v2\/pages\/15516"}],"wp:attachment":[{"href":"http:\/\/www.gestaoderiscos.cg.df.gov.br\/index.php\/wp-json\/wp\/v2\/media?parent=15979"}],"curies":[{"name":"wp","href":"https:\/\/api.w.org\/{rel}","templated":true}]}}